{"id":32964,"date":"2021-09-30T09:50:52","date_gmt":"2021-09-30T08:50:52","guid":{"rendered":"https:\/\/stage.relevo.app\/?page_id=32964"},"modified":"2024-03-12T11:47:54","modified_gmt":"2024-03-12T10:47:54","slug":"app_ger_news_relevotriffthauptstadt","status":"publish","type":"page","link":"https:\/\/relevo.app\/de\/app_ger_news_relevotriffthauptstadt\/","title":{"rendered":"App_GER_News_RelevotrifftHauptstadt"},"content":{"rendered":"\t\t<div data-elementor-type=\"wp-page\" data-elementor-id=\"32964\" class=\"elementor elementor-32964\" data-elementor-post-type=\"page\">\n\t\t\t\t\t\t<section class=\"elementor-section elementor-top-section elementor-element elementor-element-351f59f elementor-section-boxed elementor-section-height-default elementor-section-height-default\" data-id=\"351f59f\" data-element_type=\"section\" data-e-type=\"section\">\n\t\t\t\t\t\t<div class=\"elementor-container elementor-column-gap-default\">\n\t\t\t\t\t<div class=\"elementor-column elementor-col-100 elementor-top-column elementor-element elementor-element-a7c9c3a\" data-id=\"a7c9c3a\" data-element_type=\"column\" data-e-type=\"column\">\n\t\t\t<div class=\"elementor-widget-wrap elementor-element-populated\">\n\t\t\t\t\t\t<div class=\"elementor-element elementor-element-3d2b299 elementor-widget elementor-widget-image\" data-id=\"3d2b299\" data-element_type=\"widget\" data-e-type=\"widget\" data-widget_type=\"image.default\">\n\t\t\t\t<div class=\"elementor-widget-container\">\n\t\t\t\t\t\t\t\t\t\t\t\t\t\t\t<img fetchpriority=\"high\" decoding=\"async\" width=\"463\" height=\"454\" src=\"https:\/\/relevo.app\/wp-content\/uploads\/2021\/09\/Berlin.jpg\" class=\"attachment-large size-large wp-image-32836\" alt=\"\" srcset=\"https:\/\/relevo.app\/wp-content\/uploads\/2021\/09\/Berlin.jpg 463w, https:\/\/relevo.app\/wp-content\/uploads\/2021\/09\/Berlin-300x294.jpg 300w\" sizes=\"(max-width: 463px) 100vw, 463px\" \/>\t\t\t\t\t\t\t\t\t\t\t\t\t\t\t<\/div>\n\t\t\t\t<\/div>\n\t\t\t\t<div class=\"elementor-element elementor-element-da84af9 elementor-widget elementor-widget-text-editor\" data-id=\"da84af9\" data-element_type=\"widget\" data-e-type=\"widget\" data-widget_type=\"text-editor.default\">\n\t\t\t\t<div class=\"elementor-widget-container\">\n\t\t\t\t\t\t\t\t\t<p><b>Relevo trifft\u00a0<\/b><b><i>Hauptstadt<\/i><\/b><b>!\u00a0<\/b><\/p><p>M\u00fcnchen allein reicht uns nicht!<\/p><p>Neben \u00fcber 120 Partnerrestaurants in M\u00fcnchen, ist Relevo jetzt auch mit 35 Restaurants in <b><i>Berlin<\/i><\/b>\u00a0vertreten und das ist erst der Anfang! Als gr\u00f6\u00dfte Stadt Deutschlands bietet Berlin nicht nur unz\u00e4hlige kulinarische M\u00f6glichkeiten f\u00fcr To-Go-Speisen, sondern auch die gr\u00f6\u00dfte M\u00f6glichkeit mit<b><i>\u00a0Relevo<\/i><\/b>\u00a0M\u00fcll einzusparen.<\/p>\t\t\t\t\t\t\t\t<\/div>\n\t\t\t\t<\/div>\n\t\t\t\t\t<\/div>\n\t\t<\/div>\n\t\t\t\t\t<\/div>\n\t\t<\/section>\n\t\t\t\t<\/div>\n\t\t","protected":false},"excerpt":{"rendered":"<p>Relevo trifft\u00a0Hauptstadt!\u00a0 M\u00fcnchen allein reicht uns nicht! Neben \u00fcber 120 Partnerrestaurants in M\u00fcnchen, ist Relevo jetzt auch mit 35 Restaurants in Berlin\u00a0vertreten und das ist erst der Anfang! Als gr\u00f6\u00dfte Stadt Deutschlands bietet Berlin nicht nur unz\u00e4hlige kulinarische M\u00f6glichkeiten f\u00fcr To-Go-Speisen, sondern auch die gr\u00f6\u00dfte M\u00f6glichkeit mit\u00a0Relevo\u00a0M\u00fcll einzusparen.<\/p>\n","protected":false},"author":1,"featured_media":0,"parent":0,"menu_order":0,"comment_status":"closed","ping_status":"closed","template":"elementor_canvas","meta":{"content-type":"","om_disable_all_campaigns":false,"footnotes":""},"class_list":["post-32964","page","type-page","status-publish","hentry"],"yoast_head":"<!-- This site is optimized with the Yoast SEO plugin v27.4 - https:\/\/yoast.com\/product\/yoast-seo-wordpress\/ -->\n<title>App_GER_News_RelevotrifftHauptstadt - Relevo<\/title>\n<meta name=\"robots\" content=\"noindex, follow\" \/>\n<meta property=\"og:locale\" content=\"de_DE\" \/>\n<meta property=\"og:type\" content=\"article\" \/>\n<meta property=\"og:title\" content=\"App_GER_News_RelevotrifftHauptstadt - Relevo\" \/>\n<meta property=\"og:description\" content=\"Relevo trifft\u00a0Hauptstadt!\u00a0 M\u00fcnchen allein reicht uns nicht! Neben \u00fcber 120 Partnerrestaurants in M\u00fcnchen, ist Relevo jetzt auch mit 35 Restaurants in Berlin\u00a0vertreten und das ist erst der Anfang! Als gr\u00f6\u00dfte Stadt Deutschlands bietet Berlin nicht nur unz\u00e4hlige kulinarische M\u00f6glichkeiten f\u00fcr To-Go-Speisen, sondern auch die gr\u00f6\u00dfte M\u00f6glichkeit mit\u00a0Relevo\u00a0M\u00fcll einzusparen.\" \/>\n<meta property=\"og:url\" content=\"https:\/\/relevo.app\/de\/app_ger_news_relevotriffthauptstadt\/\" \/>\n<meta property=\"og:site_name\" content=\"Relevo\" \/>\n<meta property=\"article:modified_time\" content=\"2024-03-12T10:47:54+00:00\" \/>\n<meta property=\"og:image\" content=\"https:\/\/stage.relevo.app\/wp-content\/uploads\/2021\/09\/Berlin.jpg\" \/>\n<meta name=\"twitter:card\" content=\"summary_large_image\" \/>\n<meta name=\"twitter:label1\" content=\"Gesch\u00e4tzte Lesezeit\" \/>\n\t<meta name=\"twitter:data1\" content=\"1\u00a0Minute\" \/>\n<script type=\"application\/ld+json\" class=\"yoast-schema-graph\">{\"@context\":\"https:\\\/\\\/schema.org\",\"@graph\":[{\"@type\":\"WebPage\",\"@id\":\"https:\\\/\\\/relevo.app\\\/de\\\/app_ger_news_relevotriffthauptstadt\\\/\",\"url\":\"https:\\\/\\\/relevo.app\\\/de\\\/app_ger_news_relevotriffthauptstadt\\\/\",\"name\":\"App_GER_News_RelevotrifftHauptstadt - Relevo\",\"isPartOf\":{\"@id\":\"https:\\\/\\\/relevo.app\\\/de\\\/#website\"},\"primaryImageOfPage\":{\"@id\":\"https:\\\/\\\/relevo.app\\\/de\\\/app_ger_news_relevotriffthauptstadt\\\/#primaryimage\"},\"image\":{\"@id\":\"https:\\\/\\\/relevo.app\\\/de\\\/app_ger_news_relevotriffthauptstadt\\\/#primaryimage\"},\"thumbnailUrl\":\"https:\\\/\\\/stage.relevo.app\\\/wp-content\\\/uploads\\\/2021\\\/09\\\/Berlin.jpg\",\"datePublished\":\"2021-09-30T08:50:52+00:00\",\"dateModified\":\"2024-03-12T10:47:54+00:00\",\"breadcrumb\":{\"@id\":\"https:\\\/\\\/relevo.app\\\/de\\\/app_ger_news_relevotriffthauptstadt\\\/#breadcrumb\"},\"inLanguage\":\"de\",\"potentialAction\":[{\"@type\":\"ReadAction\",\"target\":[\"https:\\\/\\\/relevo.app\\\/de\\\/app_ger_news_relevotriffthauptstadt\\\/\"]}]},{\"@type\":\"ImageObject\",\"inLanguage\":\"de\",\"@id\":\"https:\\\/\\\/relevo.app\\\/de\\\/app_ger_news_relevotriffthauptstadt\\\/#primaryimage\",\"url\":\"https:\\\/\\\/stage.relevo.app\\\/wp-content\\\/uploads\\\/2021\\\/09\\\/Berlin.jpg\",\"contentUrl\":\"https:\\\/\\\/stage.relevo.app\\\/wp-content\\\/uploads\\\/2021\\\/09\\\/Berlin.jpg\"},{\"@type\":\"BreadcrumbList\",\"@id\":\"https:\\\/\\\/relevo.app\\\/de\\\/app_ger_news_relevotriffthauptstadt\\\/#breadcrumb\",\"itemListElement\":[{\"@type\":\"ListItem\",\"position\":1,\"name\":\"Home\",\"item\":\"https:\\\/\\\/relevo.app\\\/de\\\/\"},{\"@type\":\"ListItem\",\"position\":2,\"name\":\"App_GER_News_RelevotrifftHauptstadt\"}]},{\"@type\":\"WebSite\",\"@id\":\"https:\\\/\\\/relevo.app\\\/de\\\/#website\",\"url\":\"https:\\\/\\\/relevo.app\\\/de\\\/\",\"name\":\"Relevo\",\"description\":\"\",\"potentialAction\":[{\"@type\":\"SearchAction\",\"target\":{\"@type\":\"EntryPoint\",\"urlTemplate\":\"https:\\\/\\\/relevo.app\\\/de\\\/?s={search_term_string}\"},\"query-input\":{\"@type\":\"PropertyValueSpecification\",\"valueRequired\":true,\"valueName\":\"search_term_string\"}}],\"inLanguage\":\"de\"}]}<\/script>\n<!-- \/ Yoast SEO plugin. -->","yoast_head_json":{"title":"App_GER_News_RelevotrifftHauptstadt - Relevo","robots":{"index":"noindex","follow":"follow"},"og_locale":"de_DE","og_type":"article","og_title":"App_GER_News_RelevotrifftHauptstadt - Relevo","og_description":"Relevo trifft\u00a0Hauptstadt!\u00a0 M\u00fcnchen allein reicht uns nicht! Neben \u00fcber 120 Partnerrestaurants in M\u00fcnchen, ist Relevo jetzt auch mit 35 Restaurants in Berlin\u00a0vertreten und das ist erst der Anfang! Als gr\u00f6\u00dfte Stadt Deutschlands bietet Berlin nicht nur unz\u00e4hlige kulinarische M\u00f6glichkeiten f\u00fcr To-Go-Speisen, sondern auch die gr\u00f6\u00dfte M\u00f6glichkeit mit\u00a0Relevo\u00a0M\u00fcll einzusparen.","og_url":"https:\/\/relevo.app\/de\/app_ger_news_relevotriffthauptstadt\/","og_site_name":"Relevo","article_modified_time":"2024-03-12T10:47:54+00:00","og_image":[{"url":"https:\/\/stage.relevo.app\/wp-content\/uploads\/2021\/09\/Berlin.jpg","type":"","width":"","height":""}],"twitter_card":"summary_large_image","twitter_misc":{"Gesch\u00e4tzte Lesezeit":"1\u00a0Minute"},"schema":{"@context":"https:\/\/schema.org","@graph":[{"@type":"WebPage","@id":"https:\/\/relevo.app\/de\/app_ger_news_relevotriffthauptstadt\/","url":"https:\/\/relevo.app\/de\/app_ger_news_relevotriffthauptstadt\/","name":"App_GER_News_RelevotrifftHauptstadt - Relevo","isPartOf":{"@id":"https:\/\/relevo.app\/de\/#website"},"primaryImageOfPage":{"@id":"https:\/\/relevo.app\/de\/app_ger_news_relevotriffthauptstadt\/#primaryimage"},"image":{"@id":"https:\/\/relevo.app\/de\/app_ger_news_relevotriffthauptstadt\/#primaryimage"},"thumbnailUrl":"https:\/\/stage.relevo.app\/wp-content\/uploads\/2021\/09\/Berlin.jpg","datePublished":"2021-09-30T08:50:52+00:00","dateModified":"2024-03-12T10:47:54+00:00","breadcrumb":{"@id":"https:\/\/relevo.app\/de\/app_ger_news_relevotriffthauptstadt\/#breadcrumb"},"inLanguage":"de","potentialAction":[{"@type":"ReadAction","target":["https:\/\/relevo.app\/de\/app_ger_news_relevotriffthauptstadt\/"]}]},{"@type":"ImageObject","inLanguage":"de","@id":"https:\/\/relevo.app\/de\/app_ger_news_relevotriffthauptstadt\/#primaryimage","url":"https:\/\/stage.relevo.app\/wp-content\/uploads\/2021\/09\/Berlin.jpg","contentUrl":"https:\/\/stage.relevo.app\/wp-content\/uploads\/2021\/09\/Berlin.jpg"},{"@type":"BreadcrumbList","@id":"https:\/\/relevo.app\/de\/app_ger_news_relevotriffthauptstadt\/#breadcrumb","itemListElement":[{"@type":"ListItem","position":1,"name":"Home","item":"https:\/\/relevo.app\/de\/"},{"@type":"ListItem","position":2,"name":"App_GER_News_RelevotrifftHauptstadt"}]},{"@type":"WebSite","@id":"https:\/\/relevo.app\/de\/#website","url":"https:\/\/relevo.app\/de\/","name":"Relevo","description":"","potentialAction":[{"@type":"SearchAction","target":{"@type":"EntryPoint","urlTemplate":"https:\/\/relevo.app\/de\/?s={search_term_string}"},"query-input":{"@type":"PropertyValueSpecification","valueRequired":true,"valueName":"search_term_string"}}],"inLanguage":"de"}]}},"_links":{"self":[{"href":"https:\/\/relevo.app\/de\/wp-json\/wp\/v2\/pages\/32964","targetHints":{"allow":["GET"]}}],"collection":[{"href":"https:\/\/relevo.app\/de\/wp-json\/wp\/v2\/pages"}],"about":[{"href":"https:\/\/relevo.app\/de\/wp-json\/wp\/v2\/types\/page"}],"author":[{"embeddable":true,"href":"https:\/\/relevo.app\/de\/wp-json\/wp\/v2\/users\/1"}],"replies":[{"embeddable":true,"href":"https:\/\/relevo.app\/de\/wp-json\/wp\/v2\/comments?post=32964"}],"version-history":[{"count":5,"href":"https:\/\/relevo.app\/de\/wp-json\/wp\/v2\/pages\/32964\/revisions"}],"predecessor-version":[{"id":33262,"href":"https:\/\/relevo.app\/de\/wp-json\/wp\/v2\/pages\/32964\/revisions\/33262"}],"wp:attachment":[{"href":"https:\/\/relevo.app\/de\/wp-json\/wp\/v2\/media?parent=32964"}],"curies":[{"name":"wp","href":"https:\/\/api.w.org\/{rel}","templated":true}]}}