{"id":32944,"date":"2021-09-30T08:00:52","date_gmt":"2021-09-30T07:00:52","guid":{"rendered":"https:\/\/stage.relevo.app\/?page_id=32944"},"modified":"2024-03-12T11:47:48","modified_gmt":"2024-03-12T10:47:48","slug":"app_ger_news_happynaturescore","status":"publish","type":"page","link":"https:\/\/relevo.app\/de\/app_ger_news_happynaturescore\/","title":{"rendered":"App_GER_News_HappyNatureScore"},"content":{"rendered":"\t\t<div data-elementor-type=\"wp-page\" data-elementor-id=\"32944\" class=\"elementor elementor-32944\" data-elementor-post-type=\"page\">\n\t\t\t\t\t\t<section class=\"elementor-section elementor-top-section elementor-element elementor-element-1d083f5 elementor-section-boxed elementor-section-height-default elementor-section-height-default\" data-id=\"1d083f5\" data-element_type=\"section\" data-e-type=\"section\">\n\t\t\t\t\t\t<div class=\"elementor-container elementor-column-gap-default\">\n\t\t\t\t\t<div class=\"elementor-column elementor-col-100 elementor-top-column elementor-element elementor-element-6c3cdf9\" data-id=\"6c3cdf9\" data-element_type=\"column\" data-e-type=\"column\">\n\t\t\t<div class=\"elementor-widget-wrap elementor-element-populated\">\n\t\t\t\t\t\t<div class=\"elementor-element elementor-element-9a37c7d elementor-widget elementor-widget-image\" data-id=\"9a37c7d\" data-element_type=\"widget\" data-e-type=\"widget\" data-widget_type=\"image.default\">\n\t\t\t\t<div class=\"elementor-widget-container\">\n\t\t\t\t\t\t\t\t\t\t\t\t\t\t\t<img fetchpriority=\"high\" decoding=\"async\" width=\"560\" height=\"346\" src=\"https:\/\/relevo.app\/wp-content\/uploads\/2021\/09\/Bildschirmfoto-2021-08-25-um-16.48.32.png\" class=\"attachment-large size-large wp-image-32800\" alt=\"\" srcset=\"https:\/\/relevo.app\/wp-content\/uploads\/2021\/09\/Bildschirmfoto-2021-08-25-um-16.48.32.png 560w, https:\/\/relevo.app\/wp-content\/uploads\/2021\/09\/Bildschirmfoto-2021-08-25-um-16.48.32-300x185.png 300w\" sizes=\"(max-width: 560px) 100vw, 560px\" \/>\t\t\t\t\t\t\t\t\t\t\t\t\t\t\t<\/div>\n\t\t\t\t<\/div>\n\t\t\t\t<div class=\"elementor-element elementor-element-1212813 elementor-widget elementor-widget-text-editor\" data-id=\"1212813\" data-element_type=\"widget\" data-e-type=\"widget\" data-widget_type=\"text-editor.default\">\n\t\t\t\t<div class=\"elementor-widget-container\">\n\t\t\t\t\t\t\t\t\t<p><b>Happy Nature Score\u00a0<\/b><\/p><div id=\"page\" class=\"layout-fullwidth header-style-3\"><div id=\"main\" class=\"site-main\"><div id=\"main-content\" class=\"main-content\"><div class=\"block-content no-top-margin\"><div class=\"container\"><div class=\"panel row\"><div class=\"panel-center col-xs-12\"><article id=\"post-28901\" class=\"post-28901 page type-page status-publish\"><div class=\"entry-content post-content\"><div id=\"vc_row-6155606420664\" class=\"vc_row wpb_row vc_row-fluid thegem-custom-61556064205a07459\"><div class=\"wpb_column vc_column_container vc_col-sm-12 thegem-custom-615560642281c450\"><div class=\"vc_column-inner \"><div class=\"wpb_wrapper\"><div class=\"wpb_text_column wpb_content_element \"><div class=\"wpb_wrapper\"><p>Wir wollen dein nachhaltiges Verhalten belohnen.\u00a0<\/p><p>Dein Happy Nature Score zeigt an, wie viele Einwegverpackungen Du bereits eingespart hast!<\/p><p>Mit jeder Ausleihe, also deinen aktiven Relevos, pflanzt Du den Samen f\u00fcr eine m\u00fcllfreie Zukunft.<\/p><p>Gibst Du deine ausgeliehene Relevo fristgerecht zur\u00fcck, wird dein gepflanzter Samen zu deinem Happy Nature Score dazuaddiert \ud83d\udcaa<\/p><p>Denn nur ein funktionierender Kreislauf tr\u00e4gt dazu bei, dass unsere Samen wachsen und Fr\u00fcchte tragen.<\/p><p>Gibst Du deine Relevo nicht fristgerecht zur\u00fcck, geht dein gepflanzter Samen verloren und dein Happy Nature Score steigt nicht weiter \ud83d\ude13\u00a0<\/p><p>Je h\u00f6her dein Happy Nature Score desto mehr Auszeichnungen erh\u00e4ltst Du!<\/p><\/div><\/div><\/div><\/div><\/div><\/div><\/div><\/article><\/div><\/div><\/div><\/div><\/div><\/div><div id=\"lazy-loading-point\">\u00a0<\/div><\/div><div id=\"wpadminbar\" class=\"nojq\">\u00a0<\/div>\t\t\t\t\t\t\t\t<\/div>\n\t\t\t\t<\/div>\n\t\t\t\t\t<\/div>\n\t\t<\/div>\n\t\t\t\t\t<\/div>\n\t\t<\/section>\n\t\t\t\t<\/div>\n\t\t","protected":false},"excerpt":{"rendered":"<p>Happy Nature Score\u00a0 Wir wollen dein nachhaltiges Verhalten belohnen.\u00a0 Dein Happy Nature Score zeigt an, wie viele Einwegverpackungen Du bereits eingespart hast! Mit jeder Ausleihe, also deinen aktiven Relevos, pflanzt Du den Samen f\u00fcr eine m\u00fcllfreie Zukunft. Gibst Du deine ausgeliehene Relevo fristgerecht zur\u00fcck, wird dein gepflanzter Samen zu deinem Happy Nature Score dazuaddiert \ud83d\udcaa [&hellip;]<\/p>\n","protected":false},"author":1,"featured_media":0,"parent":0,"menu_order":0,"comment_status":"closed","ping_status":"closed","template":"elementor_canvas","meta":{"content-type":"","om_disable_all_campaigns":false,"footnotes":""},"class_list":["post-32944","page","type-page","status-publish","hentry"],"yoast_head":"<!-- This site is optimized with the Yoast SEO plugin v27.4 - https:\/\/yoast.com\/product\/yoast-seo-wordpress\/ -->\n<title>App_GER_News_HappyNatureScore - Relevo<\/title>\n<meta name=\"robots\" content=\"noindex, follow\" \/>\n<meta property=\"og:locale\" content=\"de_DE\" \/>\n<meta property=\"og:type\" content=\"article\" \/>\n<meta property=\"og:title\" content=\"App_GER_News_HappyNatureScore - Relevo\" \/>\n<meta property=\"og:description\" content=\"Happy Nature Score\u00a0 Wir wollen dein nachhaltiges Verhalten belohnen.\u00a0 Dein Happy Nature Score zeigt an, wie viele Einwegverpackungen Du bereits eingespart hast! Mit jeder Ausleihe, also deinen aktiven Relevos, pflanzt Du den Samen f\u00fcr eine m\u00fcllfreie Zukunft. Gibst Du deine ausgeliehene Relevo fristgerecht zur\u00fcck, wird dein gepflanzter Samen zu deinem Happy Nature Score dazuaddiert \ud83d\udcaa [&hellip;]\" \/>\n<meta property=\"og:url\" content=\"https:\/\/relevo.app\/de\/app_ger_news_happynaturescore\/\" \/>\n<meta property=\"og:site_name\" content=\"Relevo\" \/>\n<meta property=\"article:modified_time\" content=\"2024-03-12T10:47:48+00:00\" \/>\n<meta property=\"og:image\" content=\"https:\/\/stage.relevo.app\/wp-content\/uploads\/2021\/09\/Bildschirmfoto-2021-08-25-um-16.48.32.png\" \/>\n<meta name=\"twitter:card\" content=\"summary_large_image\" \/>\n<meta name=\"twitter:label1\" content=\"Gesch\u00e4tzte Lesezeit\" \/>\n\t<meta name=\"twitter:data1\" content=\"1\u00a0Minute\" \/>\n<script type=\"application\/ld+json\" class=\"yoast-schema-graph\">{\"@context\":\"https:\\\/\\\/schema.org\",\"@graph\":[{\"@type\":\"WebPage\",\"@id\":\"https:\\\/\\\/relevo.app\\\/de\\\/app_ger_news_happynaturescore\\\/\",\"url\":\"https:\\\/\\\/relevo.app\\\/de\\\/app_ger_news_happynaturescore\\\/\",\"name\":\"App_GER_News_HappyNatureScore - Relevo\",\"isPartOf\":{\"@id\":\"https:\\\/\\\/relevo.app\\\/de\\\/#website\"},\"primaryImageOfPage\":{\"@id\":\"https:\\\/\\\/relevo.app\\\/de\\\/app_ger_news_happynaturescore\\\/#primaryimage\"},\"image\":{\"@id\":\"https:\\\/\\\/relevo.app\\\/de\\\/app_ger_news_happynaturescore\\\/#primaryimage\"},\"thumbnailUrl\":\"https:\\\/\\\/stage.relevo.app\\\/wp-content\\\/uploads\\\/2021\\\/09\\\/Bildschirmfoto-2021-08-25-um-16.48.32.png\",\"datePublished\":\"2021-09-30T07:00:52+00:00\",\"dateModified\":\"2024-03-12T10:47:48+00:00\",\"breadcrumb\":{\"@id\":\"https:\\\/\\\/relevo.app\\\/de\\\/app_ger_news_happynaturescore\\\/#breadcrumb\"},\"inLanguage\":\"de\",\"potentialAction\":[{\"@type\":\"ReadAction\",\"target\":[\"https:\\\/\\\/relevo.app\\\/de\\\/app_ger_news_happynaturescore\\\/\"]}]},{\"@type\":\"ImageObject\",\"inLanguage\":\"de\",\"@id\":\"https:\\\/\\\/relevo.app\\\/de\\\/app_ger_news_happynaturescore\\\/#primaryimage\",\"url\":\"https:\\\/\\\/stage.relevo.app\\\/wp-content\\\/uploads\\\/2021\\\/09\\\/Bildschirmfoto-2021-08-25-um-16.48.32.png\",\"contentUrl\":\"https:\\\/\\\/stage.relevo.app\\\/wp-content\\\/uploads\\\/2021\\\/09\\\/Bildschirmfoto-2021-08-25-um-16.48.32.png\"},{\"@type\":\"BreadcrumbList\",\"@id\":\"https:\\\/\\\/relevo.app\\\/de\\\/app_ger_news_happynaturescore\\\/#breadcrumb\",\"itemListElement\":[{\"@type\":\"ListItem\",\"position\":1,\"name\":\"Home\",\"item\":\"https:\\\/\\\/relevo.app\\\/de\\\/\"},{\"@type\":\"ListItem\",\"position\":2,\"name\":\"App_GER_News_HappyNatureScore\"}]},{\"@type\":\"WebSite\",\"@id\":\"https:\\\/\\\/relevo.app\\\/de\\\/#website\",\"url\":\"https:\\\/\\\/relevo.app\\\/de\\\/\",\"name\":\"Relevo\",\"description\":\"\",\"potentialAction\":[{\"@type\":\"SearchAction\",\"target\":{\"@type\":\"EntryPoint\",\"urlTemplate\":\"https:\\\/\\\/relevo.app\\\/de\\\/?s={search_term_string}\"},\"query-input\":{\"@type\":\"PropertyValueSpecification\",\"valueRequired\":true,\"valueName\":\"search_term_string\"}}],\"inLanguage\":\"de\"}]}<\/script>\n<!-- \/ Yoast SEO plugin. -->","yoast_head_json":{"title":"App_GER_News_HappyNatureScore - Relevo","robots":{"index":"noindex","follow":"follow"},"og_locale":"de_DE","og_type":"article","og_title":"App_GER_News_HappyNatureScore - Relevo","og_description":"Happy Nature Score\u00a0 Wir wollen dein nachhaltiges Verhalten belohnen.\u00a0 Dein Happy Nature Score zeigt an, wie viele Einwegverpackungen Du bereits eingespart hast! Mit jeder Ausleihe, also deinen aktiven Relevos, pflanzt Du den Samen f\u00fcr eine m\u00fcllfreie Zukunft. Gibst Du deine ausgeliehene Relevo fristgerecht zur\u00fcck, wird dein gepflanzter Samen zu deinem Happy Nature Score dazuaddiert \ud83d\udcaa [&hellip;]","og_url":"https:\/\/relevo.app\/de\/app_ger_news_happynaturescore\/","og_site_name":"Relevo","article_modified_time":"2024-03-12T10:47:48+00:00","og_image":[{"url":"https:\/\/stage.relevo.app\/wp-content\/uploads\/2021\/09\/Bildschirmfoto-2021-08-25-um-16.48.32.png","type":"","width":"","height":""}],"twitter_card":"summary_large_image","twitter_misc":{"Gesch\u00e4tzte Lesezeit":"1\u00a0Minute"},"schema":{"@context":"https:\/\/schema.org","@graph":[{"@type":"WebPage","@id":"https:\/\/relevo.app\/de\/app_ger_news_happynaturescore\/","url":"https:\/\/relevo.app\/de\/app_ger_news_happynaturescore\/","name":"App_GER_News_HappyNatureScore - Relevo","isPartOf":{"@id":"https:\/\/relevo.app\/de\/#website"},"primaryImageOfPage":{"@id":"https:\/\/relevo.app\/de\/app_ger_news_happynaturescore\/#primaryimage"},"image":{"@id":"https:\/\/relevo.app\/de\/app_ger_news_happynaturescore\/#primaryimage"},"thumbnailUrl":"https:\/\/stage.relevo.app\/wp-content\/uploads\/2021\/09\/Bildschirmfoto-2021-08-25-um-16.48.32.png","datePublished":"2021-09-30T07:00:52+00:00","dateModified":"2024-03-12T10:47:48+00:00","breadcrumb":{"@id":"https:\/\/relevo.app\/de\/app_ger_news_happynaturescore\/#breadcrumb"},"inLanguage":"de","potentialAction":[{"@type":"ReadAction","target":["https:\/\/relevo.app\/de\/app_ger_news_happynaturescore\/"]}]},{"@type":"ImageObject","inLanguage":"de","@id":"https:\/\/relevo.app\/de\/app_ger_news_happynaturescore\/#primaryimage","url":"https:\/\/stage.relevo.app\/wp-content\/uploads\/2021\/09\/Bildschirmfoto-2021-08-25-um-16.48.32.png","contentUrl":"https:\/\/stage.relevo.app\/wp-content\/uploads\/2021\/09\/Bildschirmfoto-2021-08-25-um-16.48.32.png"},{"@type":"BreadcrumbList","@id":"https:\/\/relevo.app\/de\/app_ger_news_happynaturescore\/#breadcrumb","itemListElement":[{"@type":"ListItem","position":1,"name":"Home","item":"https:\/\/relevo.app\/de\/"},{"@type":"ListItem","position":2,"name":"App_GER_News_HappyNatureScore"}]},{"@type":"WebSite","@id":"https:\/\/relevo.app\/de\/#website","url":"https:\/\/relevo.app\/de\/","name":"Relevo","description":"","potentialAction":[{"@type":"SearchAction","target":{"@type":"EntryPoint","urlTemplate":"https:\/\/relevo.app\/de\/?s={search_term_string}"},"query-input":{"@type":"PropertyValueSpecification","valueRequired":true,"valueName":"search_term_string"}}],"inLanguage":"de"}]}},"_links":{"self":[{"href":"https:\/\/relevo.app\/de\/wp-json\/wp\/v2\/pages\/32944","targetHints":{"allow":["GET"]}}],"collection":[{"href":"https:\/\/relevo.app\/de\/wp-json\/wp\/v2\/pages"}],"about":[{"href":"https:\/\/relevo.app\/de\/wp-json\/wp\/v2\/types\/page"}],"author":[{"embeddable":true,"href":"https:\/\/relevo.app\/de\/wp-json\/wp\/v2\/users\/1"}],"replies":[{"embeddable":true,"href":"https:\/\/relevo.app\/de\/wp-json\/wp\/v2\/comments?post=32944"}],"version-history":[{"count":11,"href":"https:\/\/relevo.app\/de\/wp-json\/wp\/v2\/pages\/32944\/revisions"}],"predecessor-version":[{"id":33260,"href":"https:\/\/relevo.app\/de\/wp-json\/wp\/v2\/pages\/32944\/revisions\/33260"}],"wp:attachment":[{"href":"https:\/\/relevo.app\/de\/wp-json\/wp\/v2\/media?parent=32944"}],"curies":[{"name":"wp","href":"https:\/\/api.w.org\/{rel}","templated":true}]}}