{"id":32937,"date":"2021-09-30T07:49:32","date_gmt":"2021-09-30T06:49:32","guid":{"rendered":"https:\/\/stage.relevo.app\/?page_id=32937"},"modified":"2024-03-12T11:47:40","modified_gmt":"2024-03-12T10:47:40","slug":"app_ger_news_happybirthdayrelevo","status":"publish","type":"page","link":"https:\/\/relevo.app\/de\/app_ger_news_happybirthdayrelevo\/","title":{"rendered":"App_GER_News_HappyBirthdayRelevo"},"content":{"rendered":"\t\t<div data-elementor-type=\"wp-page\" data-elementor-id=\"32937\" class=\"elementor elementor-32937\" data-elementor-post-type=\"page\">\n\t\t\t\t\t\t<section class=\"elementor-section elementor-top-section elementor-element elementor-element-f33d2a2 elementor-section-boxed elementor-section-height-default elementor-section-height-default\" data-id=\"f33d2a2\" data-element_type=\"section\" data-e-type=\"section\">\n\t\t\t\t\t\t<div class=\"elementor-container elementor-column-gap-default\">\n\t\t\t\t\t<div class=\"elementor-column elementor-col-100 elementor-top-column elementor-element elementor-element-027dce4\" data-id=\"027dce4\" data-element_type=\"column\" data-e-type=\"column\">\n\t\t\t<div class=\"elementor-widget-wrap elementor-element-populated\">\n\t\t\t\t\t\t<div class=\"elementor-element elementor-element-c9c73e8 elementor-widget elementor-widget-image\" data-id=\"c9c73e8\" data-element_type=\"widget\" data-e-type=\"widget\" data-widget_type=\"image.default\">\n\t\t\t\t<div class=\"elementor-widget-container\">\n\t\t\t\t\t\t\t\t\t\t\t\t\t\t\t<img fetchpriority=\"high\" decoding=\"async\" width=\"639\" height=\"569\" src=\"https:\/\/relevo.app\/wp-content\/uploads\/2021\/09\/IMG_20210331_145915-scaled-e1623337639382-1.jpg\" class=\"attachment-large size-large wp-image-32853\" alt=\"\" srcset=\"https:\/\/relevo.app\/wp-content\/uploads\/2021\/09\/IMG_20210331_145915-scaled-e1623337639382-1.jpg 639w, https:\/\/relevo.app\/wp-content\/uploads\/2021\/09\/IMG_20210331_145915-scaled-e1623337639382-1-600x534.jpg 600w, https:\/\/relevo.app\/wp-content\/uploads\/2021\/09\/IMG_20210331_145915-scaled-e1623337639382-1-300x267.jpg 300w\" sizes=\"(max-width: 639px) 100vw, 639px\" \/>\t\t\t\t\t\t\t\t\t\t\t\t\t\t\t<\/div>\n\t\t\t\t<\/div>\n\t\t\t\t<div class=\"elementor-element elementor-element-345d5f7 elementor-widget elementor-widget-text-editor\" data-id=\"345d5f7\" data-element_type=\"widget\" data-e-type=\"widget\" data-widget_type=\"text-editor.default\">\n\t\t\t\t<div class=\"elementor-widget-container\">\n\t\t\t\t\t\t\t\t\t<p><span style=\"color: #333333;\"><b>Happy Birthday Relevo!<\/b><\/span><\/p><p>Wir haben ein Grund zu feiern! \ud83e\udd73<\/p><p>Relevo wird <b>1 Jahr<\/b> alt und wir blicken auf eine aufregendes Jahr mit H\u00f6hen und Tiefen zur\u00fcck!<\/p><p>Wir sind stolz auf \u00fcber<b>\u00a0400 Relevo-Partner<\/b>, \u00fcber\u00a0<b>300.000 eingesparte Einwegverpackungen<\/b>\u00a0und \u00fcber\u00a0<b>25.000 Weltretter und Weltretterinnen<\/b>, die uns dabei geholfen haben unseren Planeten ein klein wenig m\u00fcllfreier zu machen!<\/p><p>Unser Team mit mittlerweile \u00fcber 30 Mitarbeiter und Mitarbeiterinnen sagt <b>DANKE<\/b> f\u00fcr deine Unterst\u00fctzung ohne die das absolut nicht m\u00f6glich gewesen w\u00e4re.<\/p><p>Wir sind motiviert f\u00fcr das n\u00e4chste Jahr und freuen uns darauf gemeinsam Gro\u00dfes zu bewirken! \ud83d\udcaa<\/p>\t\t\t\t\t\t\t\t<\/div>\n\t\t\t\t<\/div>\n\t\t\t\t\t<\/div>\n\t\t<\/div>\n\t\t\t\t\t<\/div>\n\t\t<\/section>\n\t\t\t\t<\/div>\n\t\t","protected":false},"excerpt":{"rendered":"<p>Happy Birthday Relevo! Wir haben ein Grund zu feiern! \ud83e\udd73 Relevo wird 1 Jahr alt und wir blicken auf eine aufregendes Jahr mit H\u00f6hen und Tiefen zur\u00fcck! Wir sind stolz auf \u00fcber\u00a0400 Relevo-Partner, \u00fcber\u00a0300.000 eingesparte Einwegverpackungen\u00a0und \u00fcber\u00a025.000 Weltretter und Weltretterinnen, die uns dabei geholfen haben unseren Planeten ein klein wenig m\u00fcllfreier zu machen! Unser Team [&hellip;]<\/p>\n","protected":false},"author":1,"featured_media":0,"parent":0,"menu_order":0,"comment_status":"closed","ping_status":"closed","template":"elementor_canvas","meta":{"content-type":"","om_disable_all_campaigns":false,"footnotes":""},"class_list":["post-32937","page","type-page","status-publish","hentry"],"yoast_head":"<!-- This site is optimized with the Yoast SEO plugin v27.4 - https:\/\/yoast.com\/product\/yoast-seo-wordpress\/ -->\n<title>App_GER_News_HappyBirthdayRelevo - Relevo<\/title>\n<meta name=\"robots\" content=\"noindex, follow\" \/>\n<meta property=\"og:locale\" content=\"de_DE\" \/>\n<meta property=\"og:type\" content=\"article\" \/>\n<meta property=\"og:title\" content=\"App_GER_News_HappyBirthdayRelevo - Relevo\" \/>\n<meta property=\"og:description\" content=\"Happy Birthday Relevo! Wir haben ein Grund zu feiern! \ud83e\udd73 Relevo wird 1 Jahr alt und wir blicken auf eine aufregendes Jahr mit H\u00f6hen und Tiefen zur\u00fcck! Wir sind stolz auf \u00fcber\u00a0400 Relevo-Partner, \u00fcber\u00a0300.000 eingesparte Einwegverpackungen\u00a0und \u00fcber\u00a025.000 Weltretter und Weltretterinnen, die uns dabei geholfen haben unseren Planeten ein klein wenig m\u00fcllfreier zu machen! Unser Team [&hellip;]\" \/>\n<meta property=\"og:url\" content=\"https:\/\/relevo.app\/de\/app_ger_news_happybirthdayrelevo\/\" \/>\n<meta property=\"og:site_name\" content=\"Relevo\" \/>\n<meta property=\"article:modified_time\" content=\"2024-03-12T10:47:40+00:00\" \/>\n<meta property=\"og:image\" content=\"https:\/\/stage.relevo.app\/wp-content\/uploads\/2021\/09\/IMG_20210331_145915-scaled-e1623337639382-1.jpg\" \/>\n<meta name=\"twitter:card\" content=\"summary_large_image\" \/>\n<meta name=\"twitter:label1\" content=\"Gesch\u00e4tzte Lesezeit\" \/>\n\t<meta name=\"twitter:data1\" content=\"1\u00a0Minute\" \/>\n<script type=\"application\/ld+json\" class=\"yoast-schema-graph\">{\"@context\":\"https:\\\/\\\/schema.org\",\"@graph\":[{\"@type\":\"WebPage\",\"@id\":\"https:\\\/\\\/relevo.app\\\/de\\\/app_ger_news_happybirthdayrelevo\\\/\",\"url\":\"https:\\\/\\\/relevo.app\\\/de\\\/app_ger_news_happybirthdayrelevo\\\/\",\"name\":\"App_GER_News_HappyBirthdayRelevo - Relevo\",\"isPartOf\":{\"@id\":\"https:\\\/\\\/relevo.app\\\/de\\\/#website\"},\"primaryImageOfPage\":{\"@id\":\"https:\\\/\\\/relevo.app\\\/de\\\/app_ger_news_happybirthdayrelevo\\\/#primaryimage\"},\"image\":{\"@id\":\"https:\\\/\\\/relevo.app\\\/de\\\/app_ger_news_happybirthdayrelevo\\\/#primaryimage\"},\"thumbnailUrl\":\"https:\\\/\\\/stage.relevo.app\\\/wp-content\\\/uploads\\\/2021\\\/09\\\/IMG_20210331_145915-scaled-e1623337639382-1.jpg\",\"datePublished\":\"2021-09-30T06:49:32+00:00\",\"dateModified\":\"2024-03-12T10:47:40+00:00\",\"breadcrumb\":{\"@id\":\"https:\\\/\\\/relevo.app\\\/de\\\/app_ger_news_happybirthdayrelevo\\\/#breadcrumb\"},\"inLanguage\":\"de\",\"potentialAction\":[{\"@type\":\"ReadAction\",\"target\":[\"https:\\\/\\\/relevo.app\\\/de\\\/app_ger_news_happybirthdayrelevo\\\/\"]}]},{\"@type\":\"ImageObject\",\"inLanguage\":\"de\",\"@id\":\"https:\\\/\\\/relevo.app\\\/de\\\/app_ger_news_happybirthdayrelevo\\\/#primaryimage\",\"url\":\"https:\\\/\\\/stage.relevo.app\\\/wp-content\\\/uploads\\\/2021\\\/09\\\/IMG_20210331_145915-scaled-e1623337639382-1.jpg\",\"contentUrl\":\"https:\\\/\\\/stage.relevo.app\\\/wp-content\\\/uploads\\\/2021\\\/09\\\/IMG_20210331_145915-scaled-e1623337639382-1.jpg\"},{\"@type\":\"BreadcrumbList\",\"@id\":\"https:\\\/\\\/relevo.app\\\/de\\\/app_ger_news_happybirthdayrelevo\\\/#breadcrumb\",\"itemListElement\":[{\"@type\":\"ListItem\",\"position\":1,\"name\":\"Home\",\"item\":\"https:\\\/\\\/relevo.app\\\/de\\\/\"},{\"@type\":\"ListItem\",\"position\":2,\"name\":\"App_GER_News_HappyBirthdayRelevo\"}]},{\"@type\":\"WebSite\",\"@id\":\"https:\\\/\\\/relevo.app\\\/de\\\/#website\",\"url\":\"https:\\\/\\\/relevo.app\\\/de\\\/\",\"name\":\"Relevo\",\"description\":\"\",\"potentialAction\":[{\"@type\":\"SearchAction\",\"target\":{\"@type\":\"EntryPoint\",\"urlTemplate\":\"https:\\\/\\\/relevo.app\\\/de\\\/?s={search_term_string}\"},\"query-input\":{\"@type\":\"PropertyValueSpecification\",\"valueRequired\":true,\"valueName\":\"search_term_string\"}}],\"inLanguage\":\"de\"}]}<\/script>\n<!-- \/ Yoast SEO plugin. -->","yoast_head_json":{"title":"App_GER_News_HappyBirthdayRelevo - Relevo","robots":{"index":"noindex","follow":"follow"},"og_locale":"de_DE","og_type":"article","og_title":"App_GER_News_HappyBirthdayRelevo - Relevo","og_description":"Happy Birthday Relevo! Wir haben ein Grund zu feiern! \ud83e\udd73 Relevo wird 1 Jahr alt und wir blicken auf eine aufregendes Jahr mit H\u00f6hen und Tiefen zur\u00fcck! Wir sind stolz auf \u00fcber\u00a0400 Relevo-Partner, \u00fcber\u00a0300.000 eingesparte Einwegverpackungen\u00a0und \u00fcber\u00a025.000 Weltretter und Weltretterinnen, die uns dabei geholfen haben unseren Planeten ein klein wenig m\u00fcllfreier zu machen! Unser Team [&hellip;]","og_url":"https:\/\/relevo.app\/de\/app_ger_news_happybirthdayrelevo\/","og_site_name":"Relevo","article_modified_time":"2024-03-12T10:47:40+00:00","og_image":[{"url":"https:\/\/stage.relevo.app\/wp-content\/uploads\/2021\/09\/IMG_20210331_145915-scaled-e1623337639382-1.jpg","type":"","width":"","height":""}],"twitter_card":"summary_large_image","twitter_misc":{"Gesch\u00e4tzte Lesezeit":"1\u00a0Minute"},"schema":{"@context":"https:\/\/schema.org","@graph":[{"@type":"WebPage","@id":"https:\/\/relevo.app\/de\/app_ger_news_happybirthdayrelevo\/","url":"https:\/\/relevo.app\/de\/app_ger_news_happybirthdayrelevo\/","name":"App_GER_News_HappyBirthdayRelevo - Relevo","isPartOf":{"@id":"https:\/\/relevo.app\/de\/#website"},"primaryImageOfPage":{"@id":"https:\/\/relevo.app\/de\/app_ger_news_happybirthdayrelevo\/#primaryimage"},"image":{"@id":"https:\/\/relevo.app\/de\/app_ger_news_happybirthdayrelevo\/#primaryimage"},"thumbnailUrl":"https:\/\/stage.relevo.app\/wp-content\/uploads\/2021\/09\/IMG_20210331_145915-scaled-e1623337639382-1.jpg","datePublished":"2021-09-30T06:49:32+00:00","dateModified":"2024-03-12T10:47:40+00:00","breadcrumb":{"@id":"https:\/\/relevo.app\/de\/app_ger_news_happybirthdayrelevo\/#breadcrumb"},"inLanguage":"de","potentialAction":[{"@type":"ReadAction","target":["https:\/\/relevo.app\/de\/app_ger_news_happybirthdayrelevo\/"]}]},{"@type":"ImageObject","inLanguage":"de","@id":"https:\/\/relevo.app\/de\/app_ger_news_happybirthdayrelevo\/#primaryimage","url":"https:\/\/stage.relevo.app\/wp-content\/uploads\/2021\/09\/IMG_20210331_145915-scaled-e1623337639382-1.jpg","contentUrl":"https:\/\/stage.relevo.app\/wp-content\/uploads\/2021\/09\/IMG_20210331_145915-scaled-e1623337639382-1.jpg"},{"@type":"BreadcrumbList","@id":"https:\/\/relevo.app\/de\/app_ger_news_happybirthdayrelevo\/#breadcrumb","itemListElement":[{"@type":"ListItem","position":1,"name":"Home","item":"https:\/\/relevo.app\/de\/"},{"@type":"ListItem","position":2,"name":"App_GER_News_HappyBirthdayRelevo"}]},{"@type":"WebSite","@id":"https:\/\/relevo.app\/de\/#website","url":"https:\/\/relevo.app\/de\/","name":"Relevo","description":"","potentialAction":[{"@type":"SearchAction","target":{"@type":"EntryPoint","urlTemplate":"https:\/\/relevo.app\/de\/?s={search_term_string}"},"query-input":{"@type":"PropertyValueSpecification","valueRequired":true,"valueName":"search_term_string"}}],"inLanguage":"de"}]}},"_links":{"self":[{"href":"https:\/\/relevo.app\/de\/wp-json\/wp\/v2\/pages\/32937","targetHints":{"allow":["GET"]}}],"collection":[{"href":"https:\/\/relevo.app\/de\/wp-json\/wp\/v2\/pages"}],"about":[{"href":"https:\/\/relevo.app\/de\/wp-json\/wp\/v2\/types\/page"}],"author":[{"embeddable":true,"href":"https:\/\/relevo.app\/de\/wp-json\/wp\/v2\/users\/1"}],"replies":[{"embeddable":true,"href":"https:\/\/relevo.app\/de\/wp-json\/wp\/v2\/comments?post=32937"}],"version-history":[{"count":5,"href":"https:\/\/relevo.app\/de\/wp-json\/wp\/v2\/pages\/32937\/revisions"}],"predecessor-version":[{"id":33259,"href":"https:\/\/relevo.app\/de\/wp-json\/wp\/v2\/pages\/32937\/revisions\/33259"}],"wp:attachment":[{"href":"https:\/\/relevo.app\/de\/wp-json\/wp\/v2\/media?parent=32937"}],"curies":[{"name":"wp","href":"https:\/\/api.w.org\/{rel}","templated":true}]}}