{"id":32930,"date":"2021-09-30T07:26:21","date_gmt":"2021-09-30T06:26:21","guid":{"rendered":"https:\/\/stage.relevo.app\/?page_id=32930"},"modified":"2024-03-12T11:47:39","modified_gmt":"2024-03-12T10:47:39","slug":"app_ger_news_hallofrankfurt","status":"publish","type":"page","link":"https:\/\/relevo.app\/de\/app_ger_news_hallofrankfurt\/","title":{"rendered":"App_GER_News_HalloFrankfurt"},"content":{"rendered":"\t\t<div data-elementor-type=\"wp-page\" data-elementor-id=\"32930\" class=\"elementor elementor-32930\" data-elementor-post-type=\"page\">\n\t\t\t\t\t\t<section class=\"elementor-section elementor-top-section elementor-element elementor-element-911f9b0 elementor-section-boxed elementor-section-height-default elementor-section-height-default\" data-id=\"911f9b0\" data-element_type=\"section\" data-e-type=\"section\">\n\t\t\t\t\t\t<div class=\"elementor-container elementor-column-gap-default\">\n\t\t\t\t\t<div class=\"elementor-column elementor-col-100 elementor-top-column elementor-element elementor-element-c98644e\" data-id=\"c98644e\" data-element_type=\"column\" data-e-type=\"column\">\n\t\t\t<div class=\"elementor-widget-wrap elementor-element-populated\">\n\t\t\t\t\t\t<div class=\"elementor-element elementor-element-f8b9a14 elementor-widget elementor-widget-image\" data-id=\"f8b9a14\" data-element_type=\"widget\" data-e-type=\"widget\" data-widget_type=\"image.default\">\n\t\t\t\t<div class=\"elementor-widget-container\">\n\t\t\t\t\t\t\t\t\t\t\t\t\t\t\t<img decoding=\"async\" src=\"https:\/\/relevo.app\/wp-content\/uploads\/2021\/09\/Bild-von-iOS-2-scaled-e1629815254127.jpg\" title=\"\" alt=\"\" loading=\"lazy\" \/>\t\t\t\t\t\t\t\t\t\t\t\t\t\t\t<\/div>\n\t\t\t\t<\/div>\n\t\t\t\t<div class=\"elementor-element elementor-element-782a01d elementor-widget elementor-widget-text-editor\" data-id=\"782a01d\" data-element_type=\"widget\" data-e-type=\"widget\" data-widget_type=\"text-editor.default\">\n\t\t\t\t<div class=\"elementor-widget-container\">\n\t\t\t\t\t\t\t\t\t<p><b>Hallo Frankfurt!<\/b><\/p><p>M\u00fcnchen, Berlin, Hamburg \u2026 und FRANKFURT!<\/p><p>Relevo w\u00e4chst und wir freuen uns die n\u00e4chste Gro\u00dfstadt als Relevo-Stadt vorzustellen.<\/p><p>Wir sind motiviert auch hier so viele Einwegverpackungen wie m\u00f6glich einzusparen. \ud83c\udf89<\/p><p>Dein Lieblingsrestaurant ist noch kein Partner von uns?<\/p><p>Dann schreib uns gerne \u00fcber das <b><i>Kontaktformular<\/i><\/b> und wir schauen dort gerne vorbei, damit Du dein Lieblingsessen zuk\u00fcnftig auch in der Relevo genie\u00dfen kannst!<\/p><p>Wir freuen uns drauf!<\/p><div id=\"wpadminbar\" class=\"nojq\">\u00a0<\/div>\t\t\t\t\t\t\t\t<\/div>\n\t\t\t\t<\/div>\n\t\t\t\t\t<\/div>\n\t\t<\/div>\n\t\t\t\t\t<\/div>\n\t\t<\/section>\n\t\t\t\t<\/div>\n\t\t","protected":false},"excerpt":{"rendered":"<p>Hallo Frankfurt! M\u00fcnchen, Berlin, Hamburg \u2026 und FRANKFURT! Relevo w\u00e4chst und wir freuen uns die n\u00e4chste Gro\u00dfstadt als Relevo-Stadt vorzustellen. Wir sind motiviert auch hier so viele Einwegverpackungen wie m\u00f6glich einzusparen. \ud83c\udf89 Dein Lieblingsrestaurant ist noch kein Partner von uns? Dann schreib uns gerne \u00fcber das Kontaktformular und wir schauen dort gerne vorbei, damit Du [&hellip;]<\/p>\n","protected":false},"author":1,"featured_media":0,"parent":0,"menu_order":0,"comment_status":"closed","ping_status":"closed","template":"elementor_canvas","meta":{"content-type":"","om_disable_all_campaigns":false,"footnotes":""},"class_list":["post-32930","page","type-page","status-publish","hentry"],"yoast_head":"<!-- This site is optimized with the Yoast SEO plugin v27.4 - https:\/\/yoast.com\/product\/yoast-seo-wordpress\/ -->\n<title>App_GER_News_HalloFrankfurt - Relevo<\/title>\n<meta name=\"robots\" content=\"noindex, follow\" \/>\n<meta property=\"og:locale\" content=\"de_DE\" \/>\n<meta property=\"og:type\" content=\"article\" \/>\n<meta property=\"og:title\" content=\"App_GER_News_HalloFrankfurt - Relevo\" \/>\n<meta property=\"og:description\" content=\"Hallo Frankfurt! M\u00fcnchen, Berlin, Hamburg \u2026 und FRANKFURT! Relevo w\u00e4chst und wir freuen uns die n\u00e4chste Gro\u00dfstadt als Relevo-Stadt vorzustellen. Wir sind motiviert auch hier so viele Einwegverpackungen wie m\u00f6glich einzusparen. \ud83c\udf89 Dein Lieblingsrestaurant ist noch kein Partner von uns? Dann schreib uns gerne \u00fcber das Kontaktformular und wir schauen dort gerne vorbei, damit Du [&hellip;]\" \/>\n<meta property=\"og:url\" content=\"https:\/\/relevo.app\/de\/app_ger_news_hallofrankfurt\/\" \/>\n<meta property=\"og:site_name\" content=\"Relevo\" \/>\n<meta property=\"article:modified_time\" content=\"2024-03-12T10:47:39+00:00\" \/>\n<meta property=\"og:image\" content=\"https:\/\/stage.relevo.app\/wp-content\/uploads\/2021\/09\/Bild-von-iOS-2-scaled-e1629815254127.jpg\" \/>\n<meta name=\"twitter:card\" content=\"summary_large_image\" \/>\n<meta name=\"twitter:label1\" content=\"Gesch\u00e4tzte Lesezeit\" \/>\n\t<meta name=\"twitter:data1\" content=\"1\u00a0Minute\" \/>\n<script type=\"application\/ld+json\" class=\"yoast-schema-graph\">{\"@context\":\"https:\\\/\\\/schema.org\",\"@graph\":[{\"@type\":\"WebPage\",\"@id\":\"https:\\\/\\\/relevo.app\\\/de\\\/app_ger_news_hallofrankfurt\\\/\",\"url\":\"https:\\\/\\\/relevo.app\\\/de\\\/app_ger_news_hallofrankfurt\\\/\",\"name\":\"App_GER_News_HalloFrankfurt - Relevo\",\"isPartOf\":{\"@id\":\"https:\\\/\\\/relevo.app\\\/de\\\/#website\"},\"primaryImageOfPage\":{\"@id\":\"https:\\\/\\\/relevo.app\\\/de\\\/app_ger_news_hallofrankfurt\\\/#primaryimage\"},\"image\":{\"@id\":\"https:\\\/\\\/relevo.app\\\/de\\\/app_ger_news_hallofrankfurt\\\/#primaryimage\"},\"thumbnailUrl\":\"https:\\\/\\\/stage.relevo.app\\\/wp-content\\\/uploads\\\/2021\\\/09\\\/Bild-von-iOS-2-scaled-e1629815254127.jpg\",\"datePublished\":\"2021-09-30T06:26:21+00:00\",\"dateModified\":\"2024-03-12T10:47:39+00:00\",\"breadcrumb\":{\"@id\":\"https:\\\/\\\/relevo.app\\\/de\\\/app_ger_news_hallofrankfurt\\\/#breadcrumb\"},\"inLanguage\":\"de\",\"potentialAction\":[{\"@type\":\"ReadAction\",\"target\":[\"https:\\\/\\\/relevo.app\\\/de\\\/app_ger_news_hallofrankfurt\\\/\"]}]},{\"@type\":\"ImageObject\",\"inLanguage\":\"de\",\"@id\":\"https:\\\/\\\/relevo.app\\\/de\\\/app_ger_news_hallofrankfurt\\\/#primaryimage\",\"url\":\"https:\\\/\\\/stage.relevo.app\\\/wp-content\\\/uploads\\\/2021\\\/09\\\/Bild-von-iOS-2-scaled-e1629815254127.jpg\",\"contentUrl\":\"https:\\\/\\\/stage.relevo.app\\\/wp-content\\\/uploads\\\/2021\\\/09\\\/Bild-von-iOS-2-scaled-e1629815254127.jpg\"},{\"@type\":\"BreadcrumbList\",\"@id\":\"https:\\\/\\\/relevo.app\\\/de\\\/app_ger_news_hallofrankfurt\\\/#breadcrumb\",\"itemListElement\":[{\"@type\":\"ListItem\",\"position\":1,\"name\":\"Home\",\"item\":\"https:\\\/\\\/relevo.app\\\/de\\\/\"},{\"@type\":\"ListItem\",\"position\":2,\"name\":\"App_GER_News_HalloFrankfurt\"}]},{\"@type\":\"WebSite\",\"@id\":\"https:\\\/\\\/relevo.app\\\/de\\\/#website\",\"url\":\"https:\\\/\\\/relevo.app\\\/de\\\/\",\"name\":\"Relevo\",\"description\":\"\",\"potentialAction\":[{\"@type\":\"SearchAction\",\"target\":{\"@type\":\"EntryPoint\",\"urlTemplate\":\"https:\\\/\\\/relevo.app\\\/de\\\/?s={search_term_string}\"},\"query-input\":{\"@type\":\"PropertyValueSpecification\",\"valueRequired\":true,\"valueName\":\"search_term_string\"}}],\"inLanguage\":\"de\"}]}<\/script>\n<!-- \/ Yoast SEO plugin. -->","yoast_head_json":{"title":"App_GER_News_HalloFrankfurt - Relevo","robots":{"index":"noindex","follow":"follow"},"og_locale":"de_DE","og_type":"article","og_title":"App_GER_News_HalloFrankfurt - Relevo","og_description":"Hallo Frankfurt! M\u00fcnchen, Berlin, Hamburg \u2026 und FRANKFURT! Relevo w\u00e4chst und wir freuen uns die n\u00e4chste Gro\u00dfstadt als Relevo-Stadt vorzustellen. Wir sind motiviert auch hier so viele Einwegverpackungen wie m\u00f6glich einzusparen. \ud83c\udf89 Dein Lieblingsrestaurant ist noch kein Partner von uns? Dann schreib uns gerne \u00fcber das Kontaktformular und wir schauen dort gerne vorbei, damit Du [&hellip;]","og_url":"https:\/\/relevo.app\/de\/app_ger_news_hallofrankfurt\/","og_site_name":"Relevo","article_modified_time":"2024-03-12T10:47:39+00:00","og_image":[{"url":"https:\/\/stage.relevo.app\/wp-content\/uploads\/2021\/09\/Bild-von-iOS-2-scaled-e1629815254127.jpg","type":"","width":"","height":""}],"twitter_card":"summary_large_image","twitter_misc":{"Gesch\u00e4tzte Lesezeit":"1\u00a0Minute"},"schema":{"@context":"https:\/\/schema.org","@graph":[{"@type":"WebPage","@id":"https:\/\/relevo.app\/de\/app_ger_news_hallofrankfurt\/","url":"https:\/\/relevo.app\/de\/app_ger_news_hallofrankfurt\/","name":"App_GER_News_HalloFrankfurt - Relevo","isPartOf":{"@id":"https:\/\/relevo.app\/de\/#website"},"primaryImageOfPage":{"@id":"https:\/\/relevo.app\/de\/app_ger_news_hallofrankfurt\/#primaryimage"},"image":{"@id":"https:\/\/relevo.app\/de\/app_ger_news_hallofrankfurt\/#primaryimage"},"thumbnailUrl":"https:\/\/stage.relevo.app\/wp-content\/uploads\/2021\/09\/Bild-von-iOS-2-scaled-e1629815254127.jpg","datePublished":"2021-09-30T06:26:21+00:00","dateModified":"2024-03-12T10:47:39+00:00","breadcrumb":{"@id":"https:\/\/relevo.app\/de\/app_ger_news_hallofrankfurt\/#breadcrumb"},"inLanguage":"de","potentialAction":[{"@type":"ReadAction","target":["https:\/\/relevo.app\/de\/app_ger_news_hallofrankfurt\/"]}]},{"@type":"ImageObject","inLanguage":"de","@id":"https:\/\/relevo.app\/de\/app_ger_news_hallofrankfurt\/#primaryimage","url":"https:\/\/stage.relevo.app\/wp-content\/uploads\/2021\/09\/Bild-von-iOS-2-scaled-e1629815254127.jpg","contentUrl":"https:\/\/stage.relevo.app\/wp-content\/uploads\/2021\/09\/Bild-von-iOS-2-scaled-e1629815254127.jpg"},{"@type":"BreadcrumbList","@id":"https:\/\/relevo.app\/de\/app_ger_news_hallofrankfurt\/#breadcrumb","itemListElement":[{"@type":"ListItem","position":1,"name":"Home","item":"https:\/\/relevo.app\/de\/"},{"@type":"ListItem","position":2,"name":"App_GER_News_HalloFrankfurt"}]},{"@type":"WebSite","@id":"https:\/\/relevo.app\/de\/#website","url":"https:\/\/relevo.app\/de\/","name":"Relevo","description":"","potentialAction":[{"@type":"SearchAction","target":{"@type":"EntryPoint","urlTemplate":"https:\/\/relevo.app\/de\/?s={search_term_string}"},"query-input":{"@type":"PropertyValueSpecification","valueRequired":true,"valueName":"search_term_string"}}],"inLanguage":"de"}]}},"_links":{"self":[{"href":"https:\/\/relevo.app\/de\/wp-json\/wp\/v2\/pages\/32930","targetHints":{"allow":["GET"]}}],"collection":[{"href":"https:\/\/relevo.app\/de\/wp-json\/wp\/v2\/pages"}],"about":[{"href":"https:\/\/relevo.app\/de\/wp-json\/wp\/v2\/types\/page"}],"author":[{"embeddable":true,"href":"https:\/\/relevo.app\/de\/wp-json\/wp\/v2\/users\/1"}],"replies":[{"embeddable":true,"href":"https:\/\/relevo.app\/de\/wp-json\/wp\/v2\/comments?post=32930"}],"version-history":[{"count":5,"href":"https:\/\/relevo.app\/de\/wp-json\/wp\/v2\/pages\/32930\/revisions"}],"predecessor-version":[{"id":33258,"href":"https:\/\/relevo.app\/de\/wp-json\/wp\/v2\/pages\/32930\/revisions\/33258"}],"wp:attachment":[{"href":"https:\/\/relevo.app\/de\/wp-json\/wp\/v2\/media?parent=32930"}],"curies":[{"name":"wp","href":"https:\/\/api.w.org\/{rel}","templated":true}]}}