{"id":32914,"date":"2021-09-30T07:04:38","date_gmt":"2021-09-30T06:04:38","guid":{"rendered":"https:\/\/stage.relevo.app\/?page_id=32914"},"modified":"2024-03-12T11:47:35","modified_gmt":"2024-03-12T10:47:35","slug":"32914-2","status":"publish","type":"page","link":"https:\/\/relevo.app\/de\/32914-2\/","title":{"rendered":"App_GER_News_Dankef\u00fcreinwildes2020"},"content":{"rendered":"\t\t<div data-elementor-type=\"wp-page\" data-elementor-id=\"32914\" class=\"elementor elementor-32914\" data-elementor-post-type=\"page\">\n\t\t\t\t\t\t<section class=\"elementor-section elementor-top-section elementor-element elementor-element-1b62e86 elementor-section-boxed elementor-section-height-default elementor-section-height-default\" data-id=\"1b62e86\" data-element_type=\"section\" data-e-type=\"section\">\n\t\t\t\t\t\t<div class=\"elementor-container elementor-column-gap-default\">\n\t\t\t\t\t<div class=\"elementor-column elementor-col-100 elementor-top-column elementor-element elementor-element-7cfb5f0\" data-id=\"7cfb5f0\" data-element_type=\"column\" data-e-type=\"column\">\n\t\t\t<div class=\"elementor-widget-wrap elementor-element-populated\">\n\t\t\t\t\t\t<div class=\"elementor-element elementor-element-9ea5cdf elementor-widget elementor-widget-image\" data-id=\"9ea5cdf\" data-element_type=\"widget\" data-e-type=\"widget\" data-widget_type=\"image.default\">\n\t\t\t\t<div class=\"elementor-widget-container\">\n\t\t\t\t\t\t\t\t\t\t\t\t\t\t\t<img fetchpriority=\"high\" decoding=\"async\" width=\"658\" height=\"652\" src=\"https:\/\/relevo.app\/wp-content\/uploads\/2021\/09\/Bildschirmfoto-2020-12-23-um-16.21.50.jpg\" class=\"attachment-large size-large wp-image-32918\" alt=\"\" srcset=\"https:\/\/relevo.app\/wp-content\/uploads\/2021\/09\/Bildschirmfoto-2020-12-23-um-16.21.50.jpg 658w, https:\/\/relevo.app\/wp-content\/uploads\/2021\/09\/Bildschirmfoto-2020-12-23-um-16.21.50-100x100.jpg 100w, https:\/\/relevo.app\/wp-content\/uploads\/2021\/09\/Bildschirmfoto-2020-12-23-um-16.21.50-600x595.jpg 600w, https:\/\/relevo.app\/wp-content\/uploads\/2021\/09\/Bildschirmfoto-2020-12-23-um-16.21.50-300x297.jpg 300w, https:\/\/relevo.app\/wp-content\/uploads\/2021\/09\/Bildschirmfoto-2020-12-23-um-16.21.50-150x150.jpg 150w\" sizes=\"(max-width: 658px) 100vw, 658px\" \/>\t\t\t\t\t\t\t\t\t\t\t\t\t\t\t<\/div>\n\t\t\t\t<\/div>\n\t\t\t\t<div class=\"elementor-element elementor-element-a0109c3 elementor-widget elementor-widget-text-editor\" data-id=\"a0109c3\" data-element_type=\"widget\" data-e-type=\"widget\" data-widget_type=\"text-editor.default\">\n\t\t\t\t<div class=\"elementor-widget-container\">\n\t\t\t\t\t\t\t\t\t<p><b>Danke f\u00fcr ein wildes 2020!\u00a0<\/b><\/p><p>Wir w\u00fcnschen dir frohe Weihnachten und einen guten Start ins neue Jahr 2021!\u00a0<\/p><p>Wir freuen uns, dass Du Teil der Relevo-Community bist und wir gemeinsam schon heute t\u00e4glich tausende Einwegverpackungen einsparen. Das f\u00fchlt sich unglaublich an und motiviert uns umso mehr f\u00fcr das n\u00e4chste Jahr! Denn wir sind \u00fcberzeugt mit vielen kleinen Schritten gemeinsam Gro\u00dfes zu bewirken! Wir sind bereit f\u00fcr ein noch \u201cm\u00fcllfreieres\u201d 2021, Du auch?\u00a0<\/p><p>Danke f\u00fcr deine Unterst\u00fctzung!\u00a0<\/p><p>Dein Relevo-Team!<\/p>\t\t\t\t\t\t\t\t<\/div>\n\t\t\t\t<\/div>\n\t\t\t\t\t<\/div>\n\t\t<\/div>\n\t\t\t\t\t<\/div>\n\t\t<\/section>\n\t\t\t\t<\/div>\n\t\t","protected":false},"excerpt":{"rendered":"<p>Danke f\u00fcr ein wildes 2020!\u00a0 Wir w\u00fcnschen dir frohe Weihnachten und einen guten Start ins neue Jahr 2021!\u00a0 Wir freuen uns, dass Du Teil der Relevo-Community bist und wir gemeinsam schon heute t\u00e4glich tausende Einwegverpackungen einsparen. Das f\u00fchlt sich unglaublich an und motiviert uns umso mehr f\u00fcr das n\u00e4chste Jahr! Denn wir sind \u00fcberzeugt mit [&hellip;]<\/p>\n","protected":false},"author":1,"featured_media":0,"parent":0,"menu_order":0,"comment_status":"closed","ping_status":"closed","template":"elementor_canvas","meta":{"content-type":"","om_disable_all_campaigns":false,"footnotes":""},"class_list":["post-32914","page","type-page","status-publish","hentry"],"yoast_head":"<!-- This site is optimized with the Yoast SEO plugin v27.4 - https:\/\/yoast.com\/product\/yoast-seo-wordpress\/ -->\n<title>App_GER_News_Dankef\u00fcreinwildes2020 - Relevo<\/title>\n<meta name=\"robots\" content=\"noindex, follow\" \/>\n<meta property=\"og:locale\" content=\"de_DE\" \/>\n<meta property=\"og:type\" content=\"article\" \/>\n<meta property=\"og:title\" content=\"App_GER_News_Dankef\u00fcreinwildes2020 - Relevo\" \/>\n<meta property=\"og:description\" content=\"Danke f\u00fcr ein wildes 2020!\u00a0 Wir w\u00fcnschen dir frohe Weihnachten und einen guten Start ins neue Jahr 2021!\u00a0 Wir freuen uns, dass Du Teil der Relevo-Community bist und wir gemeinsam schon heute t\u00e4glich tausende Einwegverpackungen einsparen. Das f\u00fchlt sich unglaublich an und motiviert uns umso mehr f\u00fcr das n\u00e4chste Jahr! Denn wir sind \u00fcberzeugt mit [&hellip;]\" \/>\n<meta property=\"og:url\" content=\"https:\/\/relevo.app\/de\/32914-2\/\" \/>\n<meta property=\"og:site_name\" content=\"Relevo\" \/>\n<meta property=\"article:modified_time\" content=\"2024-03-12T10:47:35+00:00\" \/>\n<meta property=\"og:image\" content=\"https:\/\/stage.relevo.app\/wp-content\/uploads\/2021\/09\/Bildschirmfoto-2020-12-23-um-16.21.50.jpg\" \/>\n<meta name=\"twitter:card\" content=\"summary_large_image\" \/>\n<meta name=\"twitter:label1\" content=\"Gesch\u00e4tzte Lesezeit\" \/>\n\t<meta name=\"twitter:data1\" content=\"1\u00a0Minute\" \/>\n<script type=\"application\/ld+json\" class=\"yoast-schema-graph\">{\"@context\":\"https:\\\/\\\/schema.org\",\"@graph\":[{\"@type\":\"WebPage\",\"@id\":\"https:\\\/\\\/relevo.app\\\/de\\\/32914-2\\\/\",\"url\":\"https:\\\/\\\/relevo.app\\\/de\\\/32914-2\\\/\",\"name\":\"App_GER_News_Dankef\u00fcreinwildes2020 - Relevo\",\"isPartOf\":{\"@id\":\"https:\\\/\\\/relevo.app\\\/de\\\/#website\"},\"primaryImageOfPage\":{\"@id\":\"https:\\\/\\\/relevo.app\\\/de\\\/32914-2\\\/#primaryimage\"},\"image\":{\"@id\":\"https:\\\/\\\/relevo.app\\\/de\\\/32914-2\\\/#primaryimage\"},\"thumbnailUrl\":\"https:\\\/\\\/stage.relevo.app\\\/wp-content\\\/uploads\\\/2021\\\/09\\\/Bildschirmfoto-2020-12-23-um-16.21.50.jpg\",\"datePublished\":\"2021-09-30T06:04:38+00:00\",\"dateModified\":\"2024-03-12T10:47:35+00:00\",\"breadcrumb\":{\"@id\":\"https:\\\/\\\/relevo.app\\\/de\\\/32914-2\\\/#breadcrumb\"},\"inLanguage\":\"de\",\"potentialAction\":[{\"@type\":\"ReadAction\",\"target\":[\"https:\\\/\\\/relevo.app\\\/de\\\/32914-2\\\/\"]}]},{\"@type\":\"ImageObject\",\"inLanguage\":\"de\",\"@id\":\"https:\\\/\\\/relevo.app\\\/de\\\/32914-2\\\/#primaryimage\",\"url\":\"https:\\\/\\\/stage.relevo.app\\\/wp-content\\\/uploads\\\/2021\\\/09\\\/Bildschirmfoto-2020-12-23-um-16.21.50.jpg\",\"contentUrl\":\"https:\\\/\\\/stage.relevo.app\\\/wp-content\\\/uploads\\\/2021\\\/09\\\/Bildschirmfoto-2020-12-23-um-16.21.50.jpg\"},{\"@type\":\"BreadcrumbList\",\"@id\":\"https:\\\/\\\/relevo.app\\\/de\\\/32914-2\\\/#breadcrumb\",\"itemListElement\":[{\"@type\":\"ListItem\",\"position\":1,\"name\":\"Home\",\"item\":\"https:\\\/\\\/relevo.app\\\/de\\\/\"},{\"@type\":\"ListItem\",\"position\":2,\"name\":\"App_GER_News_Dankef\u00fcreinwildes2020\"}]},{\"@type\":\"WebSite\",\"@id\":\"https:\\\/\\\/relevo.app\\\/de\\\/#website\",\"url\":\"https:\\\/\\\/relevo.app\\\/de\\\/\",\"name\":\"Relevo\",\"description\":\"\",\"potentialAction\":[{\"@type\":\"SearchAction\",\"target\":{\"@type\":\"EntryPoint\",\"urlTemplate\":\"https:\\\/\\\/relevo.app\\\/de\\\/?s={search_term_string}\"},\"query-input\":{\"@type\":\"PropertyValueSpecification\",\"valueRequired\":true,\"valueName\":\"search_term_string\"}}],\"inLanguage\":\"de\"}]}<\/script>\n<!-- \/ Yoast SEO plugin. -->","yoast_head_json":{"title":"App_GER_News_Dankef\u00fcreinwildes2020 - Relevo","robots":{"index":"noindex","follow":"follow"},"og_locale":"de_DE","og_type":"article","og_title":"App_GER_News_Dankef\u00fcreinwildes2020 - Relevo","og_description":"Danke f\u00fcr ein wildes 2020!\u00a0 Wir w\u00fcnschen dir frohe Weihnachten und einen guten Start ins neue Jahr 2021!\u00a0 Wir freuen uns, dass Du Teil der Relevo-Community bist und wir gemeinsam schon heute t\u00e4glich tausende Einwegverpackungen einsparen. Das f\u00fchlt sich unglaublich an und motiviert uns umso mehr f\u00fcr das n\u00e4chste Jahr! Denn wir sind \u00fcberzeugt mit [&hellip;]","og_url":"https:\/\/relevo.app\/de\/32914-2\/","og_site_name":"Relevo","article_modified_time":"2024-03-12T10:47:35+00:00","og_image":[{"url":"https:\/\/stage.relevo.app\/wp-content\/uploads\/2021\/09\/Bildschirmfoto-2020-12-23-um-16.21.50.jpg","type":"","width":"","height":""}],"twitter_card":"summary_large_image","twitter_misc":{"Gesch\u00e4tzte Lesezeit":"1\u00a0Minute"},"schema":{"@context":"https:\/\/schema.org","@graph":[{"@type":"WebPage","@id":"https:\/\/relevo.app\/de\/32914-2\/","url":"https:\/\/relevo.app\/de\/32914-2\/","name":"App_GER_News_Dankef\u00fcreinwildes2020 - Relevo","isPartOf":{"@id":"https:\/\/relevo.app\/de\/#website"},"primaryImageOfPage":{"@id":"https:\/\/relevo.app\/de\/32914-2\/#primaryimage"},"image":{"@id":"https:\/\/relevo.app\/de\/32914-2\/#primaryimage"},"thumbnailUrl":"https:\/\/stage.relevo.app\/wp-content\/uploads\/2021\/09\/Bildschirmfoto-2020-12-23-um-16.21.50.jpg","datePublished":"2021-09-30T06:04:38+00:00","dateModified":"2024-03-12T10:47:35+00:00","breadcrumb":{"@id":"https:\/\/relevo.app\/de\/32914-2\/#breadcrumb"},"inLanguage":"de","potentialAction":[{"@type":"ReadAction","target":["https:\/\/relevo.app\/de\/32914-2\/"]}]},{"@type":"ImageObject","inLanguage":"de","@id":"https:\/\/relevo.app\/de\/32914-2\/#primaryimage","url":"https:\/\/stage.relevo.app\/wp-content\/uploads\/2021\/09\/Bildschirmfoto-2020-12-23-um-16.21.50.jpg","contentUrl":"https:\/\/stage.relevo.app\/wp-content\/uploads\/2021\/09\/Bildschirmfoto-2020-12-23-um-16.21.50.jpg"},{"@type":"BreadcrumbList","@id":"https:\/\/relevo.app\/de\/32914-2\/#breadcrumb","itemListElement":[{"@type":"ListItem","position":1,"name":"Home","item":"https:\/\/relevo.app\/de\/"},{"@type":"ListItem","position":2,"name":"App_GER_News_Dankef\u00fcreinwildes2020"}]},{"@type":"WebSite","@id":"https:\/\/relevo.app\/de\/#website","url":"https:\/\/relevo.app\/de\/","name":"Relevo","description":"","potentialAction":[{"@type":"SearchAction","target":{"@type":"EntryPoint","urlTemplate":"https:\/\/relevo.app\/de\/?s={search_term_string}"},"query-input":{"@type":"PropertyValueSpecification","valueRequired":true,"valueName":"search_term_string"}}],"inLanguage":"de"}]}},"_links":{"self":[{"href":"https:\/\/relevo.app\/de\/wp-json\/wp\/v2\/pages\/32914","targetHints":{"allow":["GET"]}}],"collection":[{"href":"https:\/\/relevo.app\/de\/wp-json\/wp\/v2\/pages"}],"about":[{"href":"https:\/\/relevo.app\/de\/wp-json\/wp\/v2\/types\/page"}],"author":[{"embeddable":true,"href":"https:\/\/relevo.app\/de\/wp-json\/wp\/v2\/users\/1"}],"replies":[{"embeddable":true,"href":"https:\/\/relevo.app\/de\/wp-json\/wp\/v2\/comments?post=32914"}],"version-history":[{"count":5,"href":"https:\/\/relevo.app\/de\/wp-json\/wp\/v2\/pages\/32914\/revisions"}],"predecessor-version":[{"id":33256,"href":"https:\/\/relevo.app\/de\/wp-json\/wp\/v2\/pages\/32914\/revisions\/33256"}],"wp:attachment":[{"href":"https:\/\/relevo.app\/de\/wp-json\/wp\/v2\/media?parent=32914"}],"curies":[{"name":"wp","href":"https:\/\/api.w.org\/{rel}","templated":true}]}}