{"id":32891,"date":"2021-09-30T06:24:10","date_gmt":"2021-09-30T05:24:10","guid":{"rendered":"https:\/\/stage.relevo.app\/?page_id=32891"},"modified":"2024-03-12T11:41:46","modified_gmt":"2024-03-12T10:41:46","slug":"app_ger_aboutus_grunder","status":"publish","type":"page","link":"https:\/\/relevo.app\/de\/app_ger_aboutus_grunder\/","title":{"rendered":"App_GER_AboutUs_Karriere"},"content":{"rendered":"\t\t<div data-elementor-type=\"wp-page\" data-elementor-id=\"32891\" class=\"elementor elementor-32891\" data-elementor-post-type=\"page\">\n\t\t\t\t\t\t<section class=\"elementor-section elementor-top-section elementor-element elementor-element-3c34f0b elementor-section-boxed elementor-section-height-default elementor-section-height-default\" data-id=\"3c34f0b\" data-element_type=\"section\" data-e-type=\"section\">\n\t\t\t\t\t\t<div class=\"elementor-container elementor-column-gap-default\">\n\t\t\t\t\t<div class=\"elementor-column elementor-col-100 elementor-top-column elementor-element elementor-element-3b0a705\" data-id=\"3b0a705\" data-element_type=\"column\" data-e-type=\"column\">\n\t\t\t<div class=\"elementor-widget-wrap elementor-element-populated\">\n\t\t\t\t\t\t<div class=\"elementor-element elementor-element-b4834b6 elementor-widget elementor-widget-image\" data-id=\"b4834b6\" data-element_type=\"widget\" data-e-type=\"widget\" data-widget_type=\"image.default\">\n\t\t\t\t<div class=\"elementor-widget-container\">\n\t\t\t\t\t\t\t\t\t\t\t\t\t\t\t<img fetchpriority=\"high\" decoding=\"async\" width=\"800\" height=\"625\" src=\"https:\/\/relevo.app\/wp-content\/uploads\/2021\/09\/IMG_1408-scaled-1920x1500-1-1024x800.jpg\" class=\"attachment-large size-large wp-image-32895\" alt=\"\" srcset=\"https:\/\/relevo.app\/wp-content\/uploads\/2021\/09\/IMG_1408-scaled-1920x1500-1-1024x800.jpg 1024w, https:\/\/relevo.app\/wp-content\/uploads\/2021\/09\/IMG_1408-scaled-1920x1500-1-600x469.jpg 600w, https:\/\/relevo.app\/wp-content\/uploads\/2021\/09\/IMG_1408-scaled-1920x1500-1-300x234.jpg 300w, https:\/\/relevo.app\/wp-content\/uploads\/2021\/09\/IMG_1408-scaled-1920x1500-1-768x600.jpg 768w, https:\/\/relevo.app\/wp-content\/uploads\/2021\/09\/IMG_1408-scaled-1920x1500-1-1536x1200.jpg 1536w, https:\/\/relevo.app\/wp-content\/uploads\/2021\/09\/IMG_1408-scaled-1920x1500-1.jpg 1920w\" sizes=\"(max-width: 800px) 100vw, 800px\" \/>\t\t\t\t\t\t\t\t\t\t\t\t\t\t\t<\/div>\n\t\t\t\t<\/div>\n\t\t\t\t<div class=\"elementor-element elementor-element-15f1eab elementor-widget elementor-widget-text-editor\" data-id=\"15f1eab\" data-element_type=\"widget\" data-e-type=\"widget\" data-widget_type=\"text-editor.default\">\n\t\t\t\t<div class=\"elementor-widget-container\">\n\t\t\t\t\t\t\t\t\t<div id=\"page\" class=\"layout-fullwidth header-style-3\"><div id=\"main\" class=\"site-main\"><div id=\"main-content\" class=\"main-content\"><div class=\"block-content no-top-margin\"><div class=\"container\"><div class=\"panel row\"><div class=\"panel-center col-xs-12\"><article id=\"post-28721\" class=\"post-28721 page type-page status-publish\"><div class=\"entry-content post-content\"><div id=\"vc_row-6155493cd5add\" class=\"vc_row wpb_row vc_row-fluid thegem-custom-6155493cd5a8b343\"><div class=\"wpb_column vc_column_container vc_col-sm-12 thegem-custom-6155493cd6caf8692\"><div class=\"vc_column-inner \"><div class=\"wpb_wrapper\"><div class=\"wpb_text_column wpb_content_element \"><div class=\"wpb_wrapper\"><p><b>Servus miteinander!\u00a0<\/b><\/p><p>Wir sind\u00a0<b>Gregor, Matthias &amp; Aaron<\/b>\u00a0und gemeinsam haben wir\u00a0<b>Relevo<\/b>\u00a0Anfang 2020 gegr\u00fcndet!\u00a0<\/p><p>Als naturbegeisterte, freizeitaktive und arbeitst\u00fcchtige Trierer, Allg\u00e4uer und M\u00fcnchner haben wir uns dazu entschieden, zusammen eine nachhaltige und innovative L\u00f6sung f\u00fcr ein gro\u00dfes Problem in unserer Gesellschaft zu entwickeln.\u00a0<\/p><p>Gregor:\u00a0<i>\u201cAls leidenschaftlicher Football-Fan f\u00fcr die Seattle Seahawks und ehemaliger Profi-Ruderer ist Relevo definitiv etwas anderes, aber gerade das macht es so spannend. Ich liebe es mich selbst herauszufordern und meine Ideen in innovative L\u00f6sungen umzusetzen.\u201d<\/i><\/p><p>Matthias:\u00a0<i>\u201dWenn ich nicht gerade im B\u00fcro sitze, bin ich am liebsten in meiner Heimat dem wundersch\u00f6nen Allg\u00e4u unterwegs und lasse so viele H\u00f6henmeter hinter mir wie m\u00f6glich. F\u00fcr mich ist kein Berg zu hoch, kein Weg zu steil und keine Tour zu lang.\u00a0<\/i><i>Das n\u00e4chste Office ist auf jeden Fall auf dem Gipfel geplant.\u201d \ud83d\ude42\u00a0<\/i><\/p><p>Aaron:\u00a0<i>\u201cAls Ur-M\u00fcnchner liebe ich nat\u00fcrlich den Standort von unserem Office. Hier bin ich aufgewachsen und kenne mich aus.\u00a0<\/i><i>Wo ich fr\u00fcher mit meinen Kumpels um die H\u00e4user gezogen bin, vertreibe ich heute Relevo und nebenbei bleibt noch genug Zeit f\u00fcr meine kleine Familie und Freunde! Und das wichtigste nat\u00fcrlich: Ich kann den FC Bayern hautnah unterst\u00fctzen!\u201d<\/i><\/p><p>Wir kommen aus verschiedenen Arbeitsbereichen, haben Unterschiede, aber erg\u00e4nzen uns perfekt!\u00a0<\/p><p>Und in einer Sache sind wir uns absolut einig:\u00a0<\/p><p>Mit unserem super motivierten und unschlagbaren Team an unserer Seite k\u00f6nnen wir unsere Vision \u2013\u00a0<i>Einwegverpackungen im Food-To-Go-Bereich \u00fcberfl\u00fcssig zu machen\u00a0<\/i>\u2013 verwirklichen und unserem Namen alle Ehre machen: Unseren Planeten von M\u00fcll zu\u00a0<b><i>befreien!<\/i><\/b>\u00a0\ud83d\udcaa\u00a0<\/p><p>(Relevo lat. \u201cbefreien\/erleichtern\u201d)<\/p><\/div><\/div><\/div><\/div><\/div><\/div><\/div><\/article><\/div><\/div><\/div><\/div><\/div><\/div><div id=\"lazy-loading-point\">\u00a0<\/div><\/div><div id=\"wpadminbar\" class=\"nojq\"><a class=\"screen-reader-shortcut\" tabindex=\"1\" href=\"https:\/\/old.gorelevo.de\/app_ger_aboutus_grunder\/#wp-toolbar\">Skip to toolbar<\/a><\/div>\t\t\t\t\t\t\t\t<\/div>\n\t\t\t\t<\/div>\n\t\t\t\t\t<\/div>\n\t\t<\/div>\n\t\t\t\t\t<\/div>\n\t\t<\/section>\n\t\t\t\t<\/div>\n\t\t","protected":false},"excerpt":{"rendered":"<p>Servus miteinander!\u00a0 Wir sind\u00a0Gregor, Matthias &amp; Aaron\u00a0und gemeinsam haben wir\u00a0Relevo\u00a0Anfang 2020 gegr\u00fcndet!\u00a0 Als naturbegeisterte, freizeitaktive und arbeitst\u00fcchtige Trierer, Allg\u00e4uer und M\u00fcnchner haben wir uns dazu entschieden, zusammen eine nachhaltige und innovative L\u00f6sung f\u00fcr ein gro\u00dfes Problem in unserer Gesellschaft zu entwickeln.\u00a0 Gregor:\u00a0\u201cAls leidenschaftlicher Football-Fan f\u00fcr die Seattle Seahawks und ehemaliger Profi-Ruderer ist Relevo definitiv etwas [&hellip;]<\/p>\n","protected":false},"author":1,"featured_media":0,"parent":0,"menu_order":0,"comment_status":"closed","ping_status":"closed","template":"elementor_canvas","meta":{"content-type":"","om_disable_all_campaigns":false,"footnotes":""},"class_list":["post-32891","page","type-page","status-publish","hentry"],"yoast_head":"<!-- This site is optimized with the Yoast SEO plugin v27.3 - https:\/\/yoast.com\/product\/yoast-seo-wordpress\/ -->\n<title>App_GER_AboutUs_Karriere - Relevo<\/title>\n<meta name=\"robots\" content=\"noindex, follow\" \/>\n<meta property=\"og:locale\" content=\"de_DE\" \/>\n<meta property=\"og:type\" content=\"article\" \/>\n<meta property=\"og:title\" content=\"App_GER_AboutUs_Karriere - Relevo\" \/>\n<meta property=\"og:description\" content=\"Servus miteinander!\u00a0 Wir sind\u00a0Gregor, Matthias &amp; Aaron\u00a0und gemeinsam haben wir\u00a0Relevo\u00a0Anfang 2020 gegr\u00fcndet!\u00a0 Als naturbegeisterte, freizeitaktive und arbeitst\u00fcchtige Trierer, Allg\u00e4uer und M\u00fcnchner haben wir uns dazu entschieden, zusammen eine nachhaltige und innovative L\u00f6sung f\u00fcr ein gro\u00dfes Problem in unserer Gesellschaft zu entwickeln.\u00a0 Gregor:\u00a0\u201cAls leidenschaftlicher Football-Fan f\u00fcr die Seattle Seahawks und ehemaliger Profi-Ruderer ist Relevo definitiv etwas [&hellip;]\" \/>\n<meta property=\"og:url\" content=\"https:\/\/relevo.app\/de\/app_ger_aboutus_grunder\/\" \/>\n<meta property=\"og:site_name\" content=\"Relevo\" \/>\n<meta property=\"article:modified_time\" content=\"2024-03-12T10:41:46+00:00\" \/>\n<meta property=\"og:image\" content=\"https:\/\/stage.relevo.app\/wp-content\/uploads\/2021\/09\/IMG_1408-scaled-1920x1500-1-1024x800.jpg\" \/>\n<meta name=\"twitter:card\" content=\"summary_large_image\" \/>\n<meta name=\"twitter:label1\" content=\"Gesch\u00e4tzte Lesezeit\" \/>\n\t<meta name=\"twitter:data1\" content=\"2\u00a0Minuten\" \/>\n<script type=\"application\/ld+json\" class=\"yoast-schema-graph\">{\"@context\":\"https:\\\/\\\/schema.org\",\"@graph\":[{\"@type\":\"WebPage\",\"@id\":\"https:\\\/\\\/relevo.app\\\/de\\\/app_ger_aboutus_grunder\\\/\",\"url\":\"https:\\\/\\\/relevo.app\\\/de\\\/app_ger_aboutus_grunder\\\/\",\"name\":\"App_GER_AboutUs_Karriere - Relevo\",\"isPartOf\":{\"@id\":\"https:\\\/\\\/relevo.app\\\/de\\\/#website\"},\"primaryImageOfPage\":{\"@id\":\"https:\\\/\\\/relevo.app\\\/de\\\/app_ger_aboutus_grunder\\\/#primaryimage\"},\"image\":{\"@id\":\"https:\\\/\\\/relevo.app\\\/de\\\/app_ger_aboutus_grunder\\\/#primaryimage\"},\"thumbnailUrl\":\"https:\\\/\\\/stage.relevo.app\\\/wp-content\\\/uploads\\\/2021\\\/09\\\/IMG_1408-scaled-1920x1500-1-1024x800.jpg\",\"datePublished\":\"2021-09-30T05:24:10+00:00\",\"dateModified\":\"2024-03-12T10:41:46+00:00\",\"breadcrumb\":{\"@id\":\"https:\\\/\\\/relevo.app\\\/de\\\/app_ger_aboutus_grunder\\\/#breadcrumb\"},\"inLanguage\":\"de\",\"potentialAction\":[{\"@type\":\"ReadAction\",\"target\":[\"https:\\\/\\\/relevo.app\\\/de\\\/app_ger_aboutus_grunder\\\/\"]}]},{\"@type\":\"ImageObject\",\"inLanguage\":\"de\",\"@id\":\"https:\\\/\\\/relevo.app\\\/de\\\/app_ger_aboutus_grunder\\\/#primaryimage\",\"url\":\"https:\\\/\\\/stage.relevo.app\\\/wp-content\\\/uploads\\\/2021\\\/09\\\/IMG_1408-scaled-1920x1500-1-1024x800.jpg\",\"contentUrl\":\"https:\\\/\\\/stage.relevo.app\\\/wp-content\\\/uploads\\\/2021\\\/09\\\/IMG_1408-scaled-1920x1500-1-1024x800.jpg\"},{\"@type\":\"BreadcrumbList\",\"@id\":\"https:\\\/\\\/relevo.app\\\/de\\\/app_ger_aboutus_grunder\\\/#breadcrumb\",\"itemListElement\":[{\"@type\":\"ListItem\",\"position\":1,\"name\":\"Home\",\"item\":\"https:\\\/\\\/relevo.app\\\/de\\\/\"},{\"@type\":\"ListItem\",\"position\":2,\"name\":\"App_GER_AboutUs_Karriere\"}]},{\"@type\":\"WebSite\",\"@id\":\"https:\\\/\\\/relevo.app\\\/de\\\/#website\",\"url\":\"https:\\\/\\\/relevo.app\\\/de\\\/\",\"name\":\"Relevo\",\"description\":\"\",\"potentialAction\":[{\"@type\":\"SearchAction\",\"target\":{\"@type\":\"EntryPoint\",\"urlTemplate\":\"https:\\\/\\\/relevo.app\\\/de\\\/?s={search_term_string}\"},\"query-input\":{\"@type\":\"PropertyValueSpecification\",\"valueRequired\":true,\"valueName\":\"search_term_string\"}}],\"inLanguage\":\"de\"}]}<\/script>\n<!-- \/ Yoast SEO plugin. -->","yoast_head_json":{"title":"App_GER_AboutUs_Karriere - Relevo","robots":{"index":"noindex","follow":"follow"},"og_locale":"de_DE","og_type":"article","og_title":"App_GER_AboutUs_Karriere - Relevo","og_description":"Servus miteinander!\u00a0 Wir sind\u00a0Gregor, Matthias &amp; Aaron\u00a0und gemeinsam haben wir\u00a0Relevo\u00a0Anfang 2020 gegr\u00fcndet!\u00a0 Als naturbegeisterte, freizeitaktive und arbeitst\u00fcchtige Trierer, Allg\u00e4uer und M\u00fcnchner haben wir uns dazu entschieden, zusammen eine nachhaltige und innovative L\u00f6sung f\u00fcr ein gro\u00dfes Problem in unserer Gesellschaft zu entwickeln.\u00a0 Gregor:\u00a0\u201cAls leidenschaftlicher Football-Fan f\u00fcr die Seattle Seahawks und ehemaliger Profi-Ruderer ist Relevo definitiv etwas [&hellip;]","og_url":"https:\/\/relevo.app\/de\/app_ger_aboutus_grunder\/","og_site_name":"Relevo","article_modified_time":"2024-03-12T10:41:46+00:00","og_image":[{"url":"https:\/\/stage.relevo.app\/wp-content\/uploads\/2021\/09\/IMG_1408-scaled-1920x1500-1-1024x800.jpg","type":"","width":"","height":""}],"twitter_card":"summary_large_image","twitter_misc":{"Gesch\u00e4tzte Lesezeit":"2\u00a0Minuten"},"schema":{"@context":"https:\/\/schema.org","@graph":[{"@type":"WebPage","@id":"https:\/\/relevo.app\/de\/app_ger_aboutus_grunder\/","url":"https:\/\/relevo.app\/de\/app_ger_aboutus_grunder\/","name":"App_GER_AboutUs_Karriere - Relevo","isPartOf":{"@id":"https:\/\/relevo.app\/de\/#website"},"primaryImageOfPage":{"@id":"https:\/\/relevo.app\/de\/app_ger_aboutus_grunder\/#primaryimage"},"image":{"@id":"https:\/\/relevo.app\/de\/app_ger_aboutus_grunder\/#primaryimage"},"thumbnailUrl":"https:\/\/stage.relevo.app\/wp-content\/uploads\/2021\/09\/IMG_1408-scaled-1920x1500-1-1024x800.jpg","datePublished":"2021-09-30T05:24:10+00:00","dateModified":"2024-03-12T10:41:46+00:00","breadcrumb":{"@id":"https:\/\/relevo.app\/de\/app_ger_aboutus_grunder\/#breadcrumb"},"inLanguage":"de","potentialAction":[{"@type":"ReadAction","target":["https:\/\/relevo.app\/de\/app_ger_aboutus_grunder\/"]}]},{"@type":"ImageObject","inLanguage":"de","@id":"https:\/\/relevo.app\/de\/app_ger_aboutus_grunder\/#primaryimage","url":"https:\/\/stage.relevo.app\/wp-content\/uploads\/2021\/09\/IMG_1408-scaled-1920x1500-1-1024x800.jpg","contentUrl":"https:\/\/stage.relevo.app\/wp-content\/uploads\/2021\/09\/IMG_1408-scaled-1920x1500-1-1024x800.jpg"},{"@type":"BreadcrumbList","@id":"https:\/\/relevo.app\/de\/app_ger_aboutus_grunder\/#breadcrumb","itemListElement":[{"@type":"ListItem","position":1,"name":"Home","item":"https:\/\/relevo.app\/de\/"},{"@type":"ListItem","position":2,"name":"App_GER_AboutUs_Karriere"}]},{"@type":"WebSite","@id":"https:\/\/relevo.app\/de\/#website","url":"https:\/\/relevo.app\/de\/","name":"Relevo","description":"","potentialAction":[{"@type":"SearchAction","target":{"@type":"EntryPoint","urlTemplate":"https:\/\/relevo.app\/de\/?s={search_term_string}"},"query-input":{"@type":"PropertyValueSpecification","valueRequired":true,"valueName":"search_term_string"}}],"inLanguage":"de"}]}},"_links":{"self":[{"href":"https:\/\/relevo.app\/de\/wp-json\/wp\/v2\/pages\/32891","targetHints":{"allow":["GET"]}}],"collection":[{"href":"https:\/\/relevo.app\/de\/wp-json\/wp\/v2\/pages"}],"about":[{"href":"https:\/\/relevo.app\/de\/wp-json\/wp\/v2\/types\/page"}],"author":[{"embeddable":true,"href":"https:\/\/relevo.app\/de\/wp-json\/wp\/v2\/users\/1"}],"replies":[{"embeddable":true,"href":"https:\/\/relevo.app\/de\/wp-json\/wp\/v2\/comments?post=32891"}],"version-history":[{"count":5,"href":"https:\/\/relevo.app\/de\/wp-json\/wp\/v2\/pages\/32891\/revisions"}],"predecessor-version":[{"id":33254,"href":"https:\/\/relevo.app\/de\/wp-json\/wp\/v2\/pages\/32891\/revisions\/33254"}],"wp:attachment":[{"href":"https:\/\/relevo.app\/de\/wp-json\/wp\/v2\/media?parent=32891"}],"curies":[{"name":"wp","href":"https:\/\/api.w.org\/{rel}","templated":true}]}}