{"id":32857,"date":"2021-09-30T05:23:30","date_gmt":"2021-09-30T04:23:30","guid":{"rendered":"https:\/\/stage.relevo.app\/?page_id=32857"},"modified":"2024-03-12T11:41:38","modified_gmt":"2024-03-12T10:41:38","slug":"app_ger_aboutus_dasistrelevo","status":"publish","type":"page","link":"https:\/\/relevo.app\/de\/app_ger_aboutus_dasistrelevo\/","title":{"rendered":"App_GER_AboutUs_Gr\u00fcnder"},"content":{"rendered":"\t\t<div data-elementor-type=\"wp-page\" data-elementor-id=\"32857\" class=\"elementor elementor-32857\" data-elementor-post-type=\"page\">\n\t\t\t\t\t\t<section class=\"elementor-section elementor-top-section elementor-element elementor-element-6ce0034 elementor-section-boxed elementor-section-height-default elementor-section-height-default\" data-id=\"6ce0034\" data-element_type=\"section\" data-e-type=\"section\">\n\t\t\t\t\t\t<div class=\"elementor-container elementor-column-gap-default\">\n\t\t\t\t\t<div class=\"elementor-column elementor-col-100 elementor-top-column elementor-element elementor-element-7ee357f\" data-id=\"7ee357f\" data-element_type=\"column\" data-e-type=\"column\">\n\t\t\t<div class=\"elementor-widget-wrap elementor-element-populated\">\n\t\t\t\t\t\t<div class=\"elementor-element elementor-element-9cbebf1 elementor-widget elementor-widget-image\" data-id=\"9cbebf1\" data-element_type=\"widget\" data-e-type=\"widget\" data-widget_type=\"image.default\">\n\t\t\t\t<div class=\"elementor-widget-container\">\n\t\t\t\t\t\t\t\t\t\t\t\t\t\t\t<img fetchpriority=\"high\" decoding=\"async\" width=\"397\" height=\"331\" src=\"https:\/\/relevo.app\/wp-content\/uploads\/2021\/09\/Bildschirmfoto-2021-08-13-um-17.16.20-e1628868545692.png\" class=\"attachment-large size-large wp-image-32764\" alt=\"\" srcset=\"https:\/\/relevo.app\/wp-content\/uploads\/2021\/09\/Bildschirmfoto-2021-08-13-um-17.16.20-e1628868545692.png 397w, https:\/\/relevo.app\/wp-content\/uploads\/2021\/09\/Bildschirmfoto-2021-08-13-um-17.16.20-e1628868545692-300x250.png 300w\" sizes=\"(max-width: 397px) 100vw, 397px\" \/>\t\t\t\t\t\t\t\t\t\t\t\t\t\t\t<\/div>\n\t\t\t\t<\/div>\n\t\t\t\t<div class=\"elementor-element elementor-element-8a89fd9 elementor-widget elementor-widget-text-editor\" data-id=\"8a89fd9\" data-element_type=\"widget\" data-e-type=\"widget\" data-widget_type=\"text-editor.default\">\n\t\t\t\t<div class=\"elementor-widget-container\">\n\t\t\t\t\t\t\t\t\t<p><b>Relevo \u2013 Dein einfaches &amp; smartes Mehrwegsystem f\u00fcr Essen und Getr\u00e4nke zum Mitnehmen &amp; Liefern!\u00a0<\/b><\/p><p>Relevo liegt im Herzen von M\u00fcnchen und wurde Anfang 2020 gegr\u00fcndet.\u00a0<\/p><p><b>Unsere Vision: Wir machen Einwegverpackungen im Food-To-Go-Bereich \u00fcberfl\u00fcssig!<\/b><\/p><p>St\u00fcndlich werden allein in Deutschland bis zu 1.000.000 Einwegverpackungen weggeschmissen und haben dabei einen Abbauprozess von 450 Jahren.\u00a0Damit hinterlassen wir sch\u00e4dliche Spuren f\u00fcr unsere Umwelt, unser Klima und alle zuk\u00fcnftigen Generationen!\u00a0<\/p><p>Ein Problem, dass uns ALLE etwas angeht und wir deswegen so nicht stehen lassen wollen!\u00a0<\/p><p>Mit Relevo entwickeln wir einfache &amp; smarte Mehrwegl\u00f6sungen f\u00fcr die Gastronomie und erleichtern damit unseren Nutzern und Nutzerinnen einen urbanen Lebensstil im Einklang mit der Umwelt.\u00a0<\/p><p>\u00dcberf\u00fcllte M\u00fclleimer, Papierbecher und schwimmende Plastikdeckel waren gestern!\u00a0<\/p><p>Wir sind stolz darauf unseren Planeten von unn\u00f6tigen Einwegverpackungen zu befreien und damit unsere Welt ein kleines bisschen zu verbessern.<\/p><p>Und deswegen auch\u00a0<b><i>Relevo.<\/i><\/b>\u00a0Relevo kommt aus dem Lateinischen und bedeutet \u201cerleichtern\u201d oder \u201cbefreien\u201d.<\/p><p>Und das Beste daran. Jeder kann mitmachen!\u00a0<\/p><p><b>Lass dir keinen M\u00fcll andrehen!\u00a0<\/b><\/p><p>Und hol dir dein To-Go-Essen oder Trinken bei einem unserer Relevo-Partnern!\u00a0<\/p><p>Ganz nach dem Motto:\u00a0Warum Ein-Weg, wenn auch Mehr-Weg geht?!<\/p><p><b><i>#mehrwegtogo<\/i><\/b><\/p>\t\t\t\t\t\t\t\t<\/div>\n\t\t\t\t<\/div>\n\t\t\t\t\t<\/div>\n\t\t<\/div>\n\t\t\t\t\t<\/div>\n\t\t<\/section>\n\t\t\t\t<\/div>\n\t\t","protected":false},"excerpt":{"rendered":"<p>Relevo \u2013 Dein einfaches &amp; smartes Mehrwegsystem f\u00fcr Essen und Getr\u00e4nke zum Mitnehmen &amp; Liefern!\u00a0 Relevo liegt im Herzen von M\u00fcnchen und wurde Anfang 2020 gegr\u00fcndet.\u00a0 Unsere Vision: Wir machen Einwegverpackungen im Food-To-Go-Bereich \u00fcberfl\u00fcssig! St\u00fcndlich werden allein in Deutschland bis zu 1.000.000 Einwegverpackungen weggeschmissen und haben dabei einen Abbauprozess von 450 Jahren.\u00a0Damit hinterlassen wir sch\u00e4dliche [&hellip;]<\/p>\n","protected":false},"author":1,"featured_media":0,"parent":0,"menu_order":0,"comment_status":"closed","ping_status":"closed","template":"elementor_canvas","meta":{"content-type":"","om_disable_all_campaigns":false,"footnotes":""},"class_list":["post-32857","page","type-page","status-publish","hentry"],"yoast_head":"<!-- This site is optimized with the Yoast SEO plugin v27.3 - https:\/\/yoast.com\/product\/yoast-seo-wordpress\/ -->\n<title>App_GER_AboutUs_Gr\u00fcnder - Relevo<\/title>\n<meta name=\"robots\" content=\"noindex, follow\" \/>\n<meta property=\"og:locale\" content=\"de_DE\" \/>\n<meta property=\"og:type\" content=\"article\" \/>\n<meta property=\"og:title\" content=\"App_GER_AboutUs_Gr\u00fcnder - Relevo\" \/>\n<meta property=\"og:description\" content=\"Relevo \u2013 Dein einfaches &amp; smartes Mehrwegsystem f\u00fcr Essen und Getr\u00e4nke zum Mitnehmen &amp; Liefern!\u00a0 Relevo liegt im Herzen von M\u00fcnchen und wurde Anfang 2020 gegr\u00fcndet.\u00a0 Unsere Vision: Wir machen Einwegverpackungen im Food-To-Go-Bereich \u00fcberfl\u00fcssig! St\u00fcndlich werden allein in Deutschland bis zu 1.000.000 Einwegverpackungen weggeschmissen und haben dabei einen Abbauprozess von 450 Jahren.\u00a0Damit hinterlassen wir sch\u00e4dliche [&hellip;]\" \/>\n<meta property=\"og:url\" content=\"https:\/\/relevo.app\/de\/app_ger_aboutus_dasistrelevo\/\" \/>\n<meta property=\"og:site_name\" content=\"Relevo\" \/>\n<meta property=\"article:modified_time\" content=\"2024-03-12T10:41:38+00:00\" \/>\n<meta property=\"og:image\" content=\"https:\/\/stage.relevo.app\/wp-content\/uploads\/2021\/09\/Bildschirmfoto-2021-08-13-um-17.16.20-e1628868545692.png\" \/>\n<meta name=\"twitter:card\" content=\"summary_large_image\" \/>\n<meta name=\"twitter:label1\" content=\"Gesch\u00e4tzte Lesezeit\" \/>\n\t<meta name=\"twitter:data1\" content=\"2\u00a0Minuten\" \/>\n<script type=\"application\/ld+json\" class=\"yoast-schema-graph\">{\"@context\":\"https:\\\/\\\/schema.org\",\"@graph\":[{\"@type\":\"WebPage\",\"@id\":\"https:\\\/\\\/relevo.app\\\/de\\\/app_ger_aboutus_dasistrelevo\\\/\",\"url\":\"https:\\\/\\\/relevo.app\\\/de\\\/app_ger_aboutus_dasistrelevo\\\/\",\"name\":\"App_GER_AboutUs_Gr\u00fcnder - Relevo\",\"isPartOf\":{\"@id\":\"https:\\\/\\\/relevo.app\\\/de\\\/#website\"},\"primaryImageOfPage\":{\"@id\":\"https:\\\/\\\/relevo.app\\\/de\\\/app_ger_aboutus_dasistrelevo\\\/#primaryimage\"},\"image\":{\"@id\":\"https:\\\/\\\/relevo.app\\\/de\\\/app_ger_aboutus_dasistrelevo\\\/#primaryimage\"},\"thumbnailUrl\":\"https:\\\/\\\/stage.relevo.app\\\/wp-content\\\/uploads\\\/2021\\\/09\\\/Bildschirmfoto-2021-08-13-um-17.16.20-e1628868545692.png\",\"datePublished\":\"2021-09-30T04:23:30+00:00\",\"dateModified\":\"2024-03-12T10:41:38+00:00\",\"breadcrumb\":{\"@id\":\"https:\\\/\\\/relevo.app\\\/de\\\/app_ger_aboutus_dasistrelevo\\\/#breadcrumb\"},\"inLanguage\":\"de\",\"potentialAction\":[{\"@type\":\"ReadAction\",\"target\":[\"https:\\\/\\\/relevo.app\\\/de\\\/app_ger_aboutus_dasistrelevo\\\/\"]}]},{\"@type\":\"ImageObject\",\"inLanguage\":\"de\",\"@id\":\"https:\\\/\\\/relevo.app\\\/de\\\/app_ger_aboutus_dasistrelevo\\\/#primaryimage\",\"url\":\"https:\\\/\\\/stage.relevo.app\\\/wp-content\\\/uploads\\\/2021\\\/09\\\/Bildschirmfoto-2021-08-13-um-17.16.20-e1628868545692.png\",\"contentUrl\":\"https:\\\/\\\/stage.relevo.app\\\/wp-content\\\/uploads\\\/2021\\\/09\\\/Bildschirmfoto-2021-08-13-um-17.16.20-e1628868545692.png\"},{\"@type\":\"BreadcrumbList\",\"@id\":\"https:\\\/\\\/relevo.app\\\/de\\\/app_ger_aboutus_dasistrelevo\\\/#breadcrumb\",\"itemListElement\":[{\"@type\":\"ListItem\",\"position\":1,\"name\":\"Home\",\"item\":\"https:\\\/\\\/relevo.app\\\/de\\\/\"},{\"@type\":\"ListItem\",\"position\":2,\"name\":\"App_GER_AboutUs_Gr\u00fcnder\"}]},{\"@type\":\"WebSite\",\"@id\":\"https:\\\/\\\/relevo.app\\\/de\\\/#website\",\"url\":\"https:\\\/\\\/relevo.app\\\/de\\\/\",\"name\":\"Relevo\",\"description\":\"\",\"potentialAction\":[{\"@type\":\"SearchAction\",\"target\":{\"@type\":\"EntryPoint\",\"urlTemplate\":\"https:\\\/\\\/relevo.app\\\/de\\\/?s={search_term_string}\"},\"query-input\":{\"@type\":\"PropertyValueSpecification\",\"valueRequired\":true,\"valueName\":\"search_term_string\"}}],\"inLanguage\":\"de\"}]}<\/script>\n<!-- \/ Yoast SEO plugin. -->","yoast_head_json":{"title":"App_GER_AboutUs_Gr\u00fcnder - Relevo","robots":{"index":"noindex","follow":"follow"},"og_locale":"de_DE","og_type":"article","og_title":"App_GER_AboutUs_Gr\u00fcnder - Relevo","og_description":"Relevo \u2013 Dein einfaches &amp; smartes Mehrwegsystem f\u00fcr Essen und Getr\u00e4nke zum Mitnehmen &amp; Liefern!\u00a0 Relevo liegt im Herzen von M\u00fcnchen und wurde Anfang 2020 gegr\u00fcndet.\u00a0 Unsere Vision: Wir machen Einwegverpackungen im Food-To-Go-Bereich \u00fcberfl\u00fcssig! St\u00fcndlich werden allein in Deutschland bis zu 1.000.000 Einwegverpackungen weggeschmissen und haben dabei einen Abbauprozess von 450 Jahren.\u00a0Damit hinterlassen wir sch\u00e4dliche [&hellip;]","og_url":"https:\/\/relevo.app\/de\/app_ger_aboutus_dasistrelevo\/","og_site_name":"Relevo","article_modified_time":"2024-03-12T10:41:38+00:00","og_image":[{"url":"https:\/\/stage.relevo.app\/wp-content\/uploads\/2021\/09\/Bildschirmfoto-2021-08-13-um-17.16.20-e1628868545692.png","type":"","width":"","height":""}],"twitter_card":"summary_large_image","twitter_misc":{"Gesch\u00e4tzte Lesezeit":"2\u00a0Minuten"},"schema":{"@context":"https:\/\/schema.org","@graph":[{"@type":"WebPage","@id":"https:\/\/relevo.app\/de\/app_ger_aboutus_dasistrelevo\/","url":"https:\/\/relevo.app\/de\/app_ger_aboutus_dasistrelevo\/","name":"App_GER_AboutUs_Gr\u00fcnder - Relevo","isPartOf":{"@id":"https:\/\/relevo.app\/de\/#website"},"primaryImageOfPage":{"@id":"https:\/\/relevo.app\/de\/app_ger_aboutus_dasistrelevo\/#primaryimage"},"image":{"@id":"https:\/\/relevo.app\/de\/app_ger_aboutus_dasistrelevo\/#primaryimage"},"thumbnailUrl":"https:\/\/stage.relevo.app\/wp-content\/uploads\/2021\/09\/Bildschirmfoto-2021-08-13-um-17.16.20-e1628868545692.png","datePublished":"2021-09-30T04:23:30+00:00","dateModified":"2024-03-12T10:41:38+00:00","breadcrumb":{"@id":"https:\/\/relevo.app\/de\/app_ger_aboutus_dasistrelevo\/#breadcrumb"},"inLanguage":"de","potentialAction":[{"@type":"ReadAction","target":["https:\/\/relevo.app\/de\/app_ger_aboutus_dasistrelevo\/"]}]},{"@type":"ImageObject","inLanguage":"de","@id":"https:\/\/relevo.app\/de\/app_ger_aboutus_dasistrelevo\/#primaryimage","url":"https:\/\/stage.relevo.app\/wp-content\/uploads\/2021\/09\/Bildschirmfoto-2021-08-13-um-17.16.20-e1628868545692.png","contentUrl":"https:\/\/stage.relevo.app\/wp-content\/uploads\/2021\/09\/Bildschirmfoto-2021-08-13-um-17.16.20-e1628868545692.png"},{"@type":"BreadcrumbList","@id":"https:\/\/relevo.app\/de\/app_ger_aboutus_dasistrelevo\/#breadcrumb","itemListElement":[{"@type":"ListItem","position":1,"name":"Home","item":"https:\/\/relevo.app\/de\/"},{"@type":"ListItem","position":2,"name":"App_GER_AboutUs_Gr\u00fcnder"}]},{"@type":"WebSite","@id":"https:\/\/relevo.app\/de\/#website","url":"https:\/\/relevo.app\/de\/","name":"Relevo","description":"","potentialAction":[{"@type":"SearchAction","target":{"@type":"EntryPoint","urlTemplate":"https:\/\/relevo.app\/de\/?s={search_term_string}"},"query-input":{"@type":"PropertyValueSpecification","valueRequired":true,"valueName":"search_term_string"}}],"inLanguage":"de"}]}},"_links":{"self":[{"href":"https:\/\/relevo.app\/de\/wp-json\/wp\/v2\/pages\/32857","targetHints":{"allow":["GET"]}}],"collection":[{"href":"https:\/\/relevo.app\/de\/wp-json\/wp\/v2\/pages"}],"about":[{"href":"https:\/\/relevo.app\/de\/wp-json\/wp\/v2\/types\/page"}],"author":[{"embeddable":true,"href":"https:\/\/relevo.app\/de\/wp-json\/wp\/v2\/users\/1"}],"replies":[{"embeddable":true,"href":"https:\/\/relevo.app\/de\/wp-json\/wp\/v2\/comments?post=32857"}],"version-history":[{"count":5,"href":"https:\/\/relevo.app\/de\/wp-json\/wp\/v2\/pages\/32857\/revisions"}],"predecessor-version":[{"id":33253,"href":"https:\/\/relevo.app\/de\/wp-json\/wp\/v2\/pages\/32857\/revisions\/33253"}],"wp:attachment":[{"href":"https:\/\/relevo.app\/de\/wp-json\/wp\/v2\/media?parent=32857"}],"curies":[{"name":"wp","href":"https:\/\/api.w.org\/{rel}","templated":true}]}}