{"id":30724,"date":"2021-07-30T07:48:45","date_gmt":"2021-07-30T06:48:45","guid":{"rendered":"https:\/\/stage.relevo.app\/?page_id=30724"},"modified":"2025-04-04T09:17:29","modified_gmt":"2025-04-04T07:17:29","slug":"impressum","status":"publish","type":"page","link":"https:\/\/relevo.app\/de\/impressum\/","title":{"rendered":"Impressum"},"content":{"rendered":"\t\t<div data-elementor-type=\"wp-page\" data-elementor-id=\"30724\" class=\"elementor elementor-30724\" data-elementor-post-type=\"page\">\n\t\t\t\t\t\t<section class=\"elementor-section elementor-top-section elementor-element elementor-element-b24926d elementor-section-boxed elementor-section-height-default elementor-section-height-default\" data-id=\"b24926d\" data-element_type=\"section\" data-e-type=\"section\" data-settings=\"{&quot;background_background&quot;:&quot;classic&quot;}\">\n\t\t\t\t\t\t<div class=\"elementor-container elementor-column-gap-default\">\n\t\t\t\t\t<div class=\"elementor-column elementor-col-100 elementor-top-column elementor-element elementor-element-010374f\" data-id=\"010374f\" data-element_type=\"column\" data-e-type=\"column\">\n\t\t\t<div class=\"elementor-widget-wrap elementor-element-populated\">\n\t\t\t\t\t\t<div class=\"elementor-element elementor-element-a46ef42 elementor-widget elementor-widget-heading\" data-id=\"a46ef42\" data-element_type=\"widget\" data-e-type=\"widget\" data-widget_type=\"heading.default\">\n\t\t\t\t<div class=\"elementor-widget-container\">\n\t\t\t\t\t<h1 class=\"elementor-heading-title elementor-size-default\">IMPRESSUM\n<\/h1>\t\t\t\t<\/div>\n\t\t\t\t<\/div>\n\t\t\t\t\t<\/div>\n\t\t<\/div>\n\t\t\t\t\t<\/div>\n\t\t<\/section>\n\t\t\t\t<section class=\"elementor-section elementor-top-section elementor-element elementor-element-8fb0a68 elementor-section-boxed elementor-section-height-default elementor-section-height-default\" data-id=\"8fb0a68\" data-element_type=\"section\" data-e-type=\"section\">\n\t\t\t\t\t\t<div class=\"elementor-container elementor-column-gap-default\">\n\t\t\t\t\t<div class=\"elementor-column elementor-col-100 elementor-top-column elementor-element elementor-element-b6deba3\" data-id=\"b6deba3\" data-element_type=\"column\" data-e-type=\"column\">\n\t\t\t<div class=\"elementor-widget-wrap elementor-element-populated\">\n\t\t\t\t\t\t<div class=\"elementor-element elementor-element-ca8c39e elementor-widget elementor-widget-text-editor\" data-id=\"ca8c39e\" data-element_type=\"widget\" data-e-type=\"widget\" data-widget_type=\"text-editor.default\">\n\t\t\t\t<div class=\"elementor-widget-container\">\n\t\t\t\t\t\t\t\t\t<h4>ANGABEN GEM\u00c4SS \u00a7 5 TM<\/h4><p>Relevo GmbH<br \/>Schwanthalerstra\u00dfe 102<br \/>80336 M\u00fcnchen<\/p><h4>KONTAKT<\/h4><div class=\"fusion-text\"><p>Telefon: +4989125018122<br \/>E-Mail:\u00a0<span style=\"color: #ffcc00;\"><a style=\"color: #ffcc00;\" href=\"mailto:hallo@relevo.de\" target=\"_self\" rel=\"noopener noreferrer\">hallo@relevo.de<\/a><\/span><br \/>E-Mail:\u00a0<span style=\"color: #ffcc00;\"><a style=\"color: #ffcc00;\" href=\"mailto:partner@relevo.de\" target=\"_self\" rel=\"noopener noreferrer\">partner@relevo.de<\/a><\/span><\/p><p>*(Bitte beachte, dass die Geb\u00fchren f\u00fcr Anrufe aus dem Festnetz sowie von Mobiltelefonen aus von den Geb\u00fchren des jeweiligen Anbieters abh\u00e4ngig sind.)<\/p><\/div><h4>GESCH\u00c4FTSF\u00dcHRER<\/h4><p>Gregor Franc de Ferriere<\/p><p>HANDELSREGISTER<\/p><p>HRB 255414<\/p><h4>UST-ID<\/h4><p>DE 328552414<\/p><h4>INHALTLICH VERANTWORTLICH I.S.D. \u00a7 18 ABS. 2 MSTV<\/h4><p>Aaron Sperl<br \/>Schwanthalerstra\u00dfe 102<br \/>80336 M\u00fcnchen<br \/>E-Mail:\u00a0<span style=\"color: #ffcc00;\"><a style=\"color: #ffcc00;\" href=\"mailto:aaron@relevo.de\" target=\"_self\" rel=\"noopener noreferrer\">aaron@relevo.de<\/a><\/span><\/p><h4>HAFTUNG F\u00dcR INHALTE<\/h4><p>Die Inhalte unserer Seiten wurden mit gr\u00f6\u00dfter Sorgfalt erstellt. F\u00fcr die Richtigkeit, Vollst\u00e4ndigkeit und Aktualit\u00e4t der Inhalte k\u00f6nnen wir jedoch keine Gew\u00e4hr \u00fcbernehmen. Als Diensteanbieter sind wir gem\u00e4\u00df \u00a7 7 Abs.1 TMG f\u00fcr eigene Inhalte auf diesen Seiten nach den allgemeinen Gesetzen verantwortlich. Nach \u00a7\u00a7 8 bis 10 TMG sind wir als Diensteanbieter jedoch nicht verpflichtet, \u00fcbermittelte oder gespeicherte fremde Informationen zu \u00fcberwachen oder nach Umst\u00e4nden zu forschen, die auf eine rechtswidrige T\u00e4tigkeit hinweisen. Verpflichtungen zur Entfernung oder Sperrung der Nutzung von Informationen nach den allgemeinen Gesetzen bleiben hiervon unber\u00fchrt. Eine diesbez\u00fcgliche Haftung ist jedoch erst ab dem Zeitpunkt der Kenntnis einer konkreten Rechtsverletzung m\u00f6glich. Bei Bekanntwerden von entsprechenden Rechtsverletzungen werden wir diese Inhalte umgehend entfernen.<\/p><p>Wir nehmen nicht an einem Streitbeilegungsverfahren vor einer Verbraucherschlichtungsstelle teil.<\/p><h4>BILDRECHTE<\/h4><p>pixabay.com<br \/>unsplash.com<\/p><h5>ALLGEMEINE GESCH\u00c4FTSBEDINGUNGEN<\/h5><p>Unsere aktuellen AGB k\u00f6nnt ihr <a href=\"https:\/\/relevo.app\/de\/agb-aenderungen\/\"><span style=\"color: #ffcc00;\">hier abrufen<\/span><\/a><\/p>\t\t\t\t\t\t\t\t<\/div>\n\t\t\t\t<\/div>\n\t\t\t\t\t<\/div>\n\t\t<\/div>\n\t\t\t\t\t<\/div>\n\t\t<\/section>\n\t\t\t\t<\/div>\n\t\t","protected":false},"excerpt":{"rendered":"<p>IMPRESSUM ANGABEN GEM\u00c4SS \u00a7 5 TM Relevo GmbHSchwanthalerstra\u00dfe 10280336 M\u00fcnchen KONTAKT Telefon: +4989125018122E-Mail:\u00a0hallo@relevo.deE-Mail:\u00a0partner@relevo.de *(Bitte beachte, dass die Geb\u00fchren f\u00fcr Anrufe aus dem Festnetz sowie von Mobiltelefonen aus von den Geb\u00fchren des jeweiligen Anbieters abh\u00e4ngig sind.) GESCH\u00c4FTSF\u00dcHRER Gregor Franc de Ferriere HANDELSREGISTER HRB 255414 UST-ID DE 328552414 INHALTLICH VERANTWORTLICH I.S.D. \u00a7 18 ABS. 2 MSTV Aaron [&hellip;]<\/p>\n","protected":false},"author":1,"featured_media":0,"parent":0,"menu_order":0,"comment_status":"closed","ping_status":"closed","template":"","meta":{"content-type":"","om_disable_all_campaigns":false,"footnotes":""},"class_list":["post-30724","page","type-page","status-publish","hentry"],"yoast_head":"<!-- This site is optimized with the Yoast SEO plugin v27.4 - https:\/\/yoast.com\/product\/yoast-seo-wordpress\/ -->\n<title>Impressum - Relevo<\/title>\n<meta name=\"robots\" content=\"noindex, follow\" \/>\n<meta property=\"og:locale\" content=\"de_DE\" \/>\n<meta property=\"og:type\" content=\"article\" \/>\n<meta property=\"og:title\" content=\"Impressum - Relevo\" \/>\n<meta property=\"og:description\" content=\"IMPRESSUM ANGABEN GEM\u00c4SS \u00a7 5 TM Relevo GmbHSchwanthalerstra\u00dfe 10280336 M\u00fcnchen KONTAKT Telefon: +4989125018122E-Mail:\u00a0hallo@relevo.deE-Mail:\u00a0partner@relevo.de *(Bitte beachte, dass die Geb\u00fchren f\u00fcr Anrufe aus dem Festnetz sowie von Mobiltelefonen aus von den Geb\u00fchren des jeweiligen Anbieters abh\u00e4ngig sind.) GESCH\u00c4FTSF\u00dcHRER Gregor Franc de Ferriere HANDELSREGISTER HRB 255414 UST-ID DE 328552414 INHALTLICH VERANTWORTLICH I.S.D. \u00a7 18 ABS. 2 MSTV Aaron [&hellip;]\" \/>\n<meta property=\"og:url\" content=\"https:\/\/relevo.app\/de\/impressum\/\" \/>\n<meta property=\"og:site_name\" content=\"Relevo\" \/>\n<meta property=\"article:modified_time\" content=\"2025-04-04T07:17:29+00:00\" \/>\n<meta name=\"twitter:card\" content=\"summary_large_image\" \/>\n<meta name=\"twitter:label1\" content=\"Gesch\u00e4tzte Lesezeit\" \/>\n\t<meta name=\"twitter:data1\" content=\"2\u00a0Minuten\" \/>\n<script type=\"application\/ld+json\" class=\"yoast-schema-graph\">{\"@context\":\"https:\\\/\\\/schema.org\",\"@graph\":[{\"@type\":\"WebPage\",\"@id\":\"https:\\\/\\\/relevo.app\\\/de\\\/impressum\\\/\",\"url\":\"https:\\\/\\\/relevo.app\\\/de\\\/impressum\\\/\",\"name\":\"Impressum - Relevo\",\"isPartOf\":{\"@id\":\"https:\\\/\\\/relevo.app\\\/de\\\/#website\"},\"datePublished\":\"2021-07-30T06:48:45+00:00\",\"dateModified\":\"2025-04-04T07:17:29+00:00\",\"breadcrumb\":{\"@id\":\"https:\\\/\\\/relevo.app\\\/de\\\/impressum\\\/#breadcrumb\"},\"inLanguage\":\"de\",\"potentialAction\":[{\"@type\":\"ReadAction\",\"target\":[\"https:\\\/\\\/relevo.app\\\/de\\\/impressum\\\/\"]}]},{\"@type\":\"BreadcrumbList\",\"@id\":\"https:\\\/\\\/relevo.app\\\/de\\\/impressum\\\/#breadcrumb\",\"itemListElement\":[{\"@type\":\"ListItem\",\"position\":1,\"name\":\"Home\",\"item\":\"https:\\\/\\\/relevo.app\\\/de\\\/\"},{\"@type\":\"ListItem\",\"position\":2,\"name\":\"Impressum\"}]},{\"@type\":\"WebSite\",\"@id\":\"https:\\\/\\\/relevo.app\\\/de\\\/#website\",\"url\":\"https:\\\/\\\/relevo.app\\\/de\\\/\",\"name\":\"Relevo\",\"description\":\"\",\"potentialAction\":[{\"@type\":\"SearchAction\",\"target\":{\"@type\":\"EntryPoint\",\"urlTemplate\":\"https:\\\/\\\/relevo.app\\\/de\\\/?s={search_term_string}\"},\"query-input\":{\"@type\":\"PropertyValueSpecification\",\"valueRequired\":true,\"valueName\":\"search_term_string\"}}],\"inLanguage\":\"de\"}]}<\/script>\n<!-- \/ Yoast SEO plugin. -->","yoast_head_json":{"title":"Impressum - Relevo","robots":{"index":"noindex","follow":"follow"},"og_locale":"de_DE","og_type":"article","og_title":"Impressum - Relevo","og_description":"IMPRESSUM ANGABEN GEM\u00c4SS \u00a7 5 TM Relevo GmbHSchwanthalerstra\u00dfe 10280336 M\u00fcnchen KONTAKT Telefon: +4989125018122E-Mail:\u00a0hallo@relevo.deE-Mail:\u00a0partner@relevo.de *(Bitte beachte, dass die Geb\u00fchren f\u00fcr Anrufe aus dem Festnetz sowie von Mobiltelefonen aus von den Geb\u00fchren des jeweiligen Anbieters abh\u00e4ngig sind.) GESCH\u00c4FTSF\u00dcHRER Gregor Franc de Ferriere HANDELSREGISTER HRB 255414 UST-ID DE 328552414 INHALTLICH VERANTWORTLICH I.S.D. \u00a7 18 ABS. 2 MSTV Aaron [&hellip;]","og_url":"https:\/\/relevo.app\/de\/impressum\/","og_site_name":"Relevo","article_modified_time":"2025-04-04T07:17:29+00:00","twitter_card":"summary_large_image","twitter_misc":{"Gesch\u00e4tzte Lesezeit":"2\u00a0Minuten"},"schema":{"@context":"https:\/\/schema.org","@graph":[{"@type":"WebPage","@id":"https:\/\/relevo.app\/de\/impressum\/","url":"https:\/\/relevo.app\/de\/impressum\/","name":"Impressum - Relevo","isPartOf":{"@id":"https:\/\/relevo.app\/de\/#website"},"datePublished":"2021-07-30T06:48:45+00:00","dateModified":"2025-04-04T07:17:29+00:00","breadcrumb":{"@id":"https:\/\/relevo.app\/de\/impressum\/#breadcrumb"},"inLanguage":"de","potentialAction":[{"@type":"ReadAction","target":["https:\/\/relevo.app\/de\/impressum\/"]}]},{"@type":"BreadcrumbList","@id":"https:\/\/relevo.app\/de\/impressum\/#breadcrumb","itemListElement":[{"@type":"ListItem","position":1,"name":"Home","item":"https:\/\/relevo.app\/de\/"},{"@type":"ListItem","position":2,"name":"Impressum"}]},{"@type":"WebSite","@id":"https:\/\/relevo.app\/de\/#website","url":"https:\/\/relevo.app\/de\/","name":"Relevo","description":"","potentialAction":[{"@type":"SearchAction","target":{"@type":"EntryPoint","urlTemplate":"https:\/\/relevo.app\/de\/?s={search_term_string}"},"query-input":{"@type":"PropertyValueSpecification","valueRequired":true,"valueName":"search_term_string"}}],"inLanguage":"de"}]}},"_links":{"self":[{"href":"https:\/\/relevo.app\/de\/wp-json\/wp\/v2\/pages\/30724","targetHints":{"allow":["GET"]}}],"collection":[{"href":"https:\/\/relevo.app\/de\/wp-json\/wp\/v2\/pages"}],"about":[{"href":"https:\/\/relevo.app\/de\/wp-json\/wp\/v2\/types\/page"}],"author":[{"embeddable":true,"href":"https:\/\/relevo.app\/de\/wp-json\/wp\/v2\/users\/1"}],"replies":[{"embeddable":true,"href":"https:\/\/relevo.app\/de\/wp-json\/wp\/v2\/comments?post=30724"}],"version-history":[{"count":104,"href":"https:\/\/relevo.app\/de\/wp-json\/wp\/v2\/pages\/30724\/revisions"}],"predecessor-version":[{"id":96866,"href":"https:\/\/relevo.app\/de\/wp-json\/wp\/v2\/pages\/30724\/revisions\/96866"}],"wp:attachment":[{"href":"https:\/\/relevo.app\/de\/wp-json\/wp\/v2\/media?parent=30724"}],"curies":[{"name":"wp","href":"https:\/\/api.w.org\/{rel}","templated":true}]}}