{"id":28743,"date":"2021-07-22T09:44:11","date_gmt":"2021-07-22T08:44:11","guid":{"rendered":"https:\/\/stage.relevo.app\/?page_id=28743"},"modified":"2025-09-17T14:47:55","modified_gmt":"2025-09-17T12:47:55","slug":"kontakt","status":"publish","type":"page","link":"https:\/\/relevo.app\/de\/kontakt\/","title":{"rendered":"Kontakt"},"content":{"rendered":"\t\t<div data-elementor-type=\"wp-page\" data-elementor-id=\"28743\" class=\"elementor elementor-28743\" data-elementor-post-type=\"page\">\n\t\t\t\t\t\t<section class=\"elementor-section elementor-top-section elementor-element elementor-element-995e6ae elementor-section-height-min-height elementor-section-boxed elementor-section-height-default elementor-section-items-middle\" data-id=\"995e6ae\" data-element_type=\"section\" data-e-type=\"section\" data-settings=\"{&quot;background_background&quot;:&quot;classic&quot;}\">\n\t\t\t\t\t\t\t<div class=\"elementor-background-overlay\"><\/div>\n\t\t\t\t\t\t\t<div class=\"elementor-container elementor-column-gap-default\">\n\t\t\t\t\t<div class=\"elementor-column elementor-col-100 elementor-top-column elementor-element elementor-element-4a4bec1\" data-id=\"4a4bec1\" data-element_type=\"column\" data-e-type=\"column\">\n\t\t\t<div class=\"elementor-widget-wrap elementor-element-populated\">\n\t\t\t\t\t\t<div class=\"elementor-element elementor-element-a6ce16e e-transform elementor-widget elementor-widget-heading\" data-id=\"a6ce16e\" data-element_type=\"widget\" data-e-type=\"widget\" data-settings=\"{&quot;_transform_rotateZ_effect_hover&quot;:{&quot;unit&quot;:&quot;px&quot;,&quot;size&quot;:&quot;&quot;,&quot;sizes&quot;:[]},&quot;_transform_rotateZ_effect_hover_tablet&quot;:{&quot;unit&quot;:&quot;deg&quot;,&quot;size&quot;:&quot;&quot;,&quot;sizes&quot;:[]},&quot;_transform_rotateZ_effect_hover_mobile&quot;:{&quot;unit&quot;:&quot;deg&quot;,&quot;size&quot;:&quot;&quot;,&quot;sizes&quot;:[]}}\" data-widget_type=\"heading.default\">\n\t\t\t\t<div class=\"elementor-widget-container\">\n\t\t\t\t\t<h1 class=\"elementor-heading-title elementor-size-default\">\u00a0W\u00fcnsche, Anregungen, Kritik oder Sorgen?<\/h1>\t\t\t\t<\/div>\n\t\t\t\t<\/div>\n\t\t\t\t<div class=\"elementor-element elementor-element-c8b9464 elementor-widget elementor-widget-heading\" data-id=\"c8b9464\" data-element_type=\"widget\" data-e-type=\"widget\" data-widget_type=\"heading.default\">\n\t\t\t\t<div class=\"elementor-widget-container\">\n\t\t\t\t\t<h3 class=\"elementor-heading-title elementor-size-default\">Schreib uns gerne - wir freuen uns, dir weiterzuhelfen!<\/h3>\t\t\t\t<\/div>\n\t\t\t\t<\/div>\n\t\t\t\t\t<\/div>\n\t\t<\/div>\n\t\t\t\t\t<\/div>\n\t\t<\/section>\n\t\t<div class=\"elementor-element elementor-element-d202343 e-flex e-con-boxed e-con e-parent\" data-id=\"d202343\" data-element_type=\"container\" data-e-type=\"container\" data-settings=\"{&quot;background_background&quot;:&quot;classic&quot;}\">\n\t\t\t\t\t<div class=\"e-con-inner\">\n\t\t<div class=\"elementor-element elementor-element-4c1aeb8 e-con-full e-flex e-con e-child\" data-id=\"4c1aeb8\" data-element_type=\"container\" data-e-type=\"container\" data-settings=\"{&quot;background_background&quot;:&quot;classic&quot;}\">\n\t\t<div class=\"elementor-element elementor-element-11f9ae8 e-con-full e-flex e-con e-child\" data-id=\"11f9ae8\" data-element_type=\"container\" data-e-type=\"container\">\n\t\t\t\t<div class=\"elementor-element elementor-element-1102251 elementor-widget__width-initial elementor-widget elementor-widget-heading\" data-id=\"1102251\" data-element_type=\"widget\" data-e-type=\"widget\" data-widget_type=\"heading.default\">\n\t\t\t\t<div class=\"elementor-widget-container\">\n\t\t\t\t\t<h2 class=\"elementor-heading-title elementor-size-default\">Du hast eine Frage zu unserem Mehrwegsystem?<\/h2>\t\t\t\t<\/div>\n\t\t\t\t<\/div>\n\t\t\t\t<div class=\"elementor-element elementor-element-d3b76d1 elementor-widget elementor-widget-text-editor\" data-id=\"d3b76d1\" data-element_type=\"widget\" data-e-type=\"widget\" data-widget_type=\"text-editor.default\">\n\t\t\t\t<div class=\"elementor-widget-container\">\n\t\t\t\t\t\t\t\t\t<p>Dann schreib uns!<\/p>\t\t\t\t\t\t\t\t<\/div>\n\t\t\t\t<\/div>\n\t\t\t\t<div class=\"elementor-element elementor-element-945bbcf elementor-widget elementor-widget-hubspot-form\" data-id=\"945bbcf\" data-element_type=\"widget\" data-e-type=\"widget\" data-widget_type=\"hubspot-form.default\">\n\t\t\t\t<div class=\"elementor-widget-container\">\n\t\t\t\t\t\n\t\t\t\t\t\t<script>\n\t\t\t\t\t\t\twindow.hsFormsOnReady = window.hsFormsOnReady || [];\n\t\t\t\t\t\t\twindow.hsFormsOnReady.push(()=>{\n\t\t\t\t\t\t\t\thbspt.forms.create({\n\t\t\t\t\t\t\t\t\tportalId: 6959162,\n\t\t\t\t\t\t\t\t\tformId: \"99827301-fe47-4ca9-b832-b35134b17f5a\",\n\t\t\t\t\t\t\t\t\ttarget: \"#hbspt-form-1776651820000-7930527754\",\n\t\t\t\t\t\t\t\t\tregion: \"na1\",\n\t\t\t\t\t\t\t\t\t\n\t\t\t\t\t\t\t})});\n\t\t\t\t\t\t<\/script>\n\t\t\t\t\t\t<div class=\"hbspt-form\" id=\"hbspt-form-1776651820000-7930527754\"><\/div>\t\t\t\t<\/div>\n\t\t\t\t<\/div>\n\t\t\t\t<div class=\"elementor-element elementor-element-dfbd40a elementor-widget elementor-widget-text-editor\" data-id=\"dfbd40a\" data-element_type=\"widget\" data-e-type=\"widget\" data-widget_type=\"text-editor.default\">\n\t\t\t\t<div class=\"elementor-widget-container\">\n\t\t\t\t\t\t\t\t\t<p><strong>Du m\u00f6chtest uns anonymes Feedback zu unserem Mehrwegsystem geben?<\/strong><\/p>\t\t\t\t\t\t\t\t<\/div>\n\t\t\t\t<\/div>\n\t\t\t\t<div class=\"elementor-element elementor-element-1900a3d elementor-widget elementor-widget-heading\" data-id=\"1900a3d\" data-element_type=\"widget\" data-e-type=\"widget\" data-widget_type=\"heading.default\">\n\t\t\t\t<div class=\"elementor-widget-container\">\n\t\t\t\t\t<h6 class=\"elementor-heading-title elementor-size-default\"><a href=\"https:\/\/docs.google.com\/forms\/d\/e\/1FAIpQLSdGx58VM-cw2hHk_DNsa3wi2fspN7YTRS6dXyiGUbi6wIw_Kg\/viewform?usp=sf_link\"><b>KLICKE HIER &gt;<\/b><\/a><\/h6>\t\t\t\t<\/div>\n\t\t\t\t<\/div>\n\t\t\t\t<\/div>\n\t\t<div class=\"elementor-element elementor-element-85f7e1c e-con-full e-flex e-con e-child\" data-id=\"85f7e1c\" data-element_type=\"container\" data-e-type=\"container\">\n\t\t\t\t<div class=\"elementor-element elementor-element-681e411 elementor-widget elementor-widget-image\" data-id=\"681e411\" data-element_type=\"widget\" data-e-type=\"widget\" data-widget_type=\"image.default\">\n\t\t\t\t<div class=\"elementor-widget-container\">\n\t\t\t\t\t\t\t\t\t\t\t\t\t\t\t<img fetchpriority=\"high\" decoding=\"async\" width=\"800\" height=\"800\" src=\"https:\/\/relevo.app\/wp-content\/uploads\/2023\/08\/IMG_20200911_193732_326-1-1024x1024.jpg\" class=\"attachment-large size-large wp-image-83306\" alt=\"\" srcset=\"https:\/\/relevo.app\/wp-content\/uploads\/2023\/08\/IMG_20200911_193732_326-1-1024x1024.jpg 1024w, https:\/\/relevo.app\/wp-content\/uploads\/2023\/08\/IMG_20200911_193732_326-1-300x300.jpg 300w, https:\/\/relevo.app\/wp-content\/uploads\/2023\/08\/IMG_20200911_193732_326-1-150x150.jpg 150w, https:\/\/relevo.app\/wp-content\/uploads\/2023\/08\/IMG_20200911_193732_326-1-768x768.jpg 768w, https:\/\/relevo.app\/wp-content\/uploads\/2023\/08\/IMG_20200911_193732_326-1-1536x1536.jpg 1536w, https:\/\/relevo.app\/wp-content\/uploads\/2023\/08\/IMG_20200911_193732_326-1-2048x2048.jpg 2048w, https:\/\/relevo.app\/wp-content\/uploads\/2023\/08\/elementor\/thumbs\/IMG_20200911_193732_326-1-qaw9lt5d8fcpfdko3bxx1l1ik76xa8pzq5nuajznn4.jpg 600w\" sizes=\"(max-width: 800px) 100vw, 800px\" \/>\t\t\t\t\t\t\t\t\t\t\t\t\t\t\t<\/div>\n\t\t\t\t<\/div>\n\t\t\t\t<div class=\"elementor-element elementor-element-3d4f828 elementor-widget elementor-widget-heading\" data-id=\"3d4f828\" data-element_type=\"widget\" data-e-type=\"widget\" data-widget_type=\"heading.default\">\n\t\t\t\t<div class=\"elementor-widget-container\">\n\t\t\t\t\t<h3 class=\"elementor-heading-title elementor-size-default\">David Winkel<\/h3>\t\t\t\t<\/div>\n\t\t\t\t<\/div>\n\t\t\t\t<div class=\"elementor-element elementor-element-3db7fba elementor-widget elementor-widget-text-editor\" data-id=\"3db7fba\" data-element_type=\"widget\" data-e-type=\"widget\" data-widget_type=\"text-editor.default\">\n\t\t\t\t<div class=\"elementor-widget-container\">\n\t\t\t\t\t\t\t\t\t<p>Team Lead Sales<\/p>\t\t\t\t\t\t\t\t<\/div>\n\t\t\t\t<\/div>\n\t\t\t\t<\/div>\n\t\t\t\t<\/div>\n\t\t\t\t\t<\/div>\n\t\t\t\t<\/div>\n\t\t<div class=\"elementor-element elementor-element-722fc07 e-con-full elementor-hidden-desktop elementor-hidden-tablet elementor-hidden-mobile e-flex e-con e-parent\" data-id=\"722fc07\" data-element_type=\"container\" data-e-type=\"container\">\n\t\t<div class=\"elementor-element elementor-element-665cd7e e-con-full e-flex e-con e-child\" data-id=\"665cd7e\" data-element_type=\"container\" data-e-type=\"container\" data-settings=\"{&quot;background_background&quot;:&quot;classic&quot;}\">\n\t\t\t\t<div class=\"elementor-element elementor-element-45c29ca elementor-widget elementor-widget-text-editor\" data-id=\"45c29ca\" data-element_type=\"widget\" data-e-type=\"widget\" data-widget_type=\"text-editor.default\">\n\t\t\t\t<div class=\"elementor-widget-container\">\n\t\t\t\t\t\t\t\t\t<p>\u00a0W\u00fcnsche, Anregungen, Kritik oder Sorgen? Schreib uns gerne &#8211; wir freuen uns, dir weiterzuhelfen!<\/p>\t\t\t\t\t\t\t\t<\/div>\n\t\t\t\t<\/div>\n\t\t\t\t<\/div>\n\t\t<div class=\"elementor-element elementor-element-b664fb2 e-con-full e-flex e-con e-child\" data-id=\"b664fb2\" data-element_type=\"container\" data-e-type=\"container\">\n\t\t\t\t<div class=\"elementor-element elementor-element-ed1dfc3 elementor-widget elementor-widget-heading\" data-id=\"ed1dfc3\" data-element_type=\"widget\" data-e-type=\"widget\" data-widget_type=\"heading.default\">\n\t\t\t\t<div class=\"elementor-widget-container\">\n\t\t\t\t\t<h1 class=\"elementor-heading-title elementor-size-default\">Du hast eine Frage zu unserem Mehrwegsystem?<\/h1>\t\t\t\t<\/div>\n\t\t\t\t<\/div>\n\t\t\t\t<div class=\"elementor-element elementor-element-058e72b elementor-widget elementor-widget-heading\" data-id=\"058e72b\" data-element_type=\"widget\" data-e-type=\"widget\" data-widget_type=\"heading.default\">\n\t\t\t\t<div class=\"elementor-widget-container\">\n\t\t\t\t\t<h5 class=\"elementor-heading-title elementor-size-default\">Dann schreib uns!<\/h5>\t\t\t\t<\/div>\n\t\t\t\t<\/div>\n\t\t\t\t<div class=\"elementor-element elementor-element-607f0de elementor-widget elementor-widget-heading\" data-id=\"607f0de\" data-element_type=\"widget\" data-e-type=\"widget\" data-widget_type=\"heading.default\">\n\t\t\t\t<div class=\"elementor-widget-container\">\n\t\t\t\t\t<h5 class=\"elementor-heading-title elementor-size-default\">Du m\u00f6chtest uns anonymes Feedback zu unserem Mehrwegsystem geben?<\/h5>\t\t\t\t<\/div>\n\t\t\t\t<\/div>\n\t\t\t\t<\/div>\n\t\t\t\t<\/div>\n\t\t\t\t<\/div>\n\t\t","protected":false},"excerpt":{"rendered":"<p>\u00a0W\u00fcnsche, Anregungen, Kritik oder Sorgen? Schreib uns gerne &#8211; wir freuen uns, dir weiterzuhelfen! Du hast eine Frage zu unserem Mehrwegsystem? Dann schreib uns! Du m\u00f6chtest uns anonymes Feedback zu unserem Mehrwegsystem geben? KLICKE HIER &gt; David Winkel Team Lead Sales \u00a0W\u00fcnsche, Anregungen, Kritik oder Sorgen? Schreib uns gerne &#8211; wir freuen uns, dir weiterzuhelfen! [&hellip;]<\/p>\n","protected":false},"author":1,"featured_media":0,"parent":0,"menu_order":0,"comment_status":"closed","ping_status":"closed","template":"elementor_header_footer","meta":{"content-type":"","om_disable_all_campaigns":false,"footnotes":""},"class_list":["post-28743","page","type-page","status-publish","hentry"],"yoast_head":"<!-- This site is optimized with the Yoast SEO plugin v27.3 - https:\/\/yoast.com\/product\/yoast-seo-wordpress\/ -->\n<title>Relevo - die smarte L\u00f6sung f\u00fcr dein Restaurant - Mach mit!<\/title>\n<meta name=\"description\" content=\"Schlie\u00dfe dich unserem deutschlandweiten Partnernetzwerk an. Benutze das einfachste Mehrwegsystem f\u00fcr die Gastronomie. Jetzt Kontakt aufnehmen\" \/>\n<meta name=\"robots\" content=\"index, follow, max-snippet:-1, max-image-preview:large, max-video-preview:-1\" \/>\n<link rel=\"canonical\" href=\"https:\/\/relevo.app\/de\/kontakt\/\" \/>\n<meta property=\"og:locale\" content=\"de_DE\" \/>\n<meta property=\"og:type\" content=\"article\" \/>\n<meta property=\"og:title\" content=\"Relevo - die smarte L\u00f6sung f\u00fcr dein Restaurant - Mach mit!\" \/>\n<meta property=\"og:description\" content=\"Schlie\u00dfe dich unserem deutschlandweiten Partnernetzwerk an. Benutze das einfachste Mehrwegsystem f\u00fcr die Gastronomie. Jetzt Kontakt aufnehmen\" \/>\n<meta property=\"og:url\" content=\"https:\/\/relevo.app\/de\/kontakt\/\" \/>\n<meta property=\"og:site_name\" content=\"Relevo\" \/>\n<meta property=\"article:modified_time\" content=\"2025-09-17T12:47:55+00:00\" \/>\n<meta property=\"og:image\" content=\"https:\/\/relevo.app\/wp-content\/uploads\/2023\/08\/IMG_20200911_193732_326-1-1024x1024.jpg\" \/>\n<meta name=\"twitter:card\" content=\"summary_large_image\" \/>\n<meta name=\"twitter:label1\" content=\"Gesch\u00e4tzte Lesezeit\" \/>\n\t<meta name=\"twitter:data1\" content=\"1\u00a0Minute\" \/>\n<script type=\"application\/ld+json\" class=\"yoast-schema-graph\">{\"@context\":\"https:\\\/\\\/schema.org\",\"@graph\":[{\"@type\":\"WebPage\",\"@id\":\"https:\\\/\\\/relevo.app\\\/de\\\/kontakt\\\/\",\"url\":\"https:\\\/\\\/relevo.app\\\/de\\\/kontakt\\\/\",\"name\":\"Relevo - die smarte L\u00f6sung f\u00fcr dein Restaurant - Mach mit!\",\"isPartOf\":{\"@id\":\"https:\\\/\\\/relevo.app\\\/de\\\/#website\"},\"primaryImageOfPage\":{\"@id\":\"https:\\\/\\\/relevo.app\\\/de\\\/kontakt\\\/#primaryimage\"},\"image\":{\"@id\":\"https:\\\/\\\/relevo.app\\\/de\\\/kontakt\\\/#primaryimage\"},\"thumbnailUrl\":\"https:\\\/\\\/relevo.app\\\/wp-content\\\/uploads\\\/2023\\\/08\\\/IMG_20200911_193732_326-1-1024x1024.jpg\",\"datePublished\":\"2021-07-22T08:44:11+00:00\",\"dateModified\":\"2025-09-17T12:47:55+00:00\",\"description\":\"Schlie\u00dfe dich unserem deutschlandweiten Partnernetzwerk an. Benutze das einfachste Mehrwegsystem f\u00fcr die Gastronomie. Jetzt Kontakt aufnehmen\",\"breadcrumb\":{\"@id\":\"https:\\\/\\\/relevo.app\\\/de\\\/kontakt\\\/#breadcrumb\"},\"inLanguage\":\"de\",\"potentialAction\":[{\"@type\":\"ReadAction\",\"target\":[\"https:\\\/\\\/relevo.app\\\/de\\\/kontakt\\\/\"]}]},{\"@type\":\"ImageObject\",\"inLanguage\":\"de\",\"@id\":\"https:\\\/\\\/relevo.app\\\/de\\\/kontakt\\\/#primaryimage\",\"url\":\"https:\\\/\\\/relevo.app\\\/wp-content\\\/uploads\\\/2023\\\/08\\\/IMG_20200911_193732_326-1-1024x1024.jpg\",\"contentUrl\":\"https:\\\/\\\/relevo.app\\\/wp-content\\\/uploads\\\/2023\\\/08\\\/IMG_20200911_193732_326-1-1024x1024.jpg\"},{\"@type\":\"BreadcrumbList\",\"@id\":\"https:\\\/\\\/relevo.app\\\/de\\\/kontakt\\\/#breadcrumb\",\"itemListElement\":[{\"@type\":\"ListItem\",\"position\":1,\"name\":\"Home\",\"item\":\"https:\\\/\\\/relevo.app\\\/de\\\/\"},{\"@type\":\"ListItem\",\"position\":2,\"name\":\"Kontakt\"}]},{\"@type\":\"WebSite\",\"@id\":\"https:\\\/\\\/relevo.app\\\/de\\\/#website\",\"url\":\"https:\\\/\\\/relevo.app\\\/de\\\/\",\"name\":\"Relevo\",\"description\":\"\",\"potentialAction\":[{\"@type\":\"SearchAction\",\"target\":{\"@type\":\"EntryPoint\",\"urlTemplate\":\"https:\\\/\\\/relevo.app\\\/de\\\/?s={search_term_string}\"},\"query-input\":{\"@type\":\"PropertyValueSpecification\",\"valueRequired\":true,\"valueName\":\"search_term_string\"}}],\"inLanguage\":\"de\"}]}<\/script>\n<!-- \/ Yoast SEO plugin. -->","yoast_head_json":{"title":"Relevo - die smarte L\u00f6sung f\u00fcr dein Restaurant - Mach mit!","description":"Schlie\u00dfe dich unserem deutschlandweiten Partnernetzwerk an. Benutze das einfachste Mehrwegsystem f\u00fcr die Gastronomie. Jetzt Kontakt aufnehmen","robots":{"index":"index","follow":"follow","max-snippet":"max-snippet:-1","max-image-preview":"max-image-preview:large","max-video-preview":"max-video-preview:-1"},"canonical":"https:\/\/relevo.app\/de\/kontakt\/","og_locale":"de_DE","og_type":"article","og_title":"Relevo - die smarte L\u00f6sung f\u00fcr dein Restaurant - Mach mit!","og_description":"Schlie\u00dfe dich unserem deutschlandweiten Partnernetzwerk an. Benutze das einfachste Mehrwegsystem f\u00fcr die Gastronomie. Jetzt Kontakt aufnehmen","og_url":"https:\/\/relevo.app\/de\/kontakt\/","og_site_name":"Relevo","article_modified_time":"2025-09-17T12:47:55+00:00","og_image":[{"url":"https:\/\/relevo.app\/wp-content\/uploads\/2023\/08\/IMG_20200911_193732_326-1-1024x1024.jpg","type":"","width":"","height":""}],"twitter_card":"summary_large_image","twitter_misc":{"Gesch\u00e4tzte Lesezeit":"1\u00a0Minute"},"schema":{"@context":"https:\/\/schema.org","@graph":[{"@type":"WebPage","@id":"https:\/\/relevo.app\/de\/kontakt\/","url":"https:\/\/relevo.app\/de\/kontakt\/","name":"Relevo - die smarte L\u00f6sung f\u00fcr dein Restaurant - Mach mit!","isPartOf":{"@id":"https:\/\/relevo.app\/de\/#website"},"primaryImageOfPage":{"@id":"https:\/\/relevo.app\/de\/kontakt\/#primaryimage"},"image":{"@id":"https:\/\/relevo.app\/de\/kontakt\/#primaryimage"},"thumbnailUrl":"https:\/\/relevo.app\/wp-content\/uploads\/2023\/08\/IMG_20200911_193732_326-1-1024x1024.jpg","datePublished":"2021-07-22T08:44:11+00:00","dateModified":"2025-09-17T12:47:55+00:00","description":"Schlie\u00dfe dich unserem deutschlandweiten Partnernetzwerk an. Benutze das einfachste Mehrwegsystem f\u00fcr die Gastronomie. Jetzt Kontakt aufnehmen","breadcrumb":{"@id":"https:\/\/relevo.app\/de\/kontakt\/#breadcrumb"},"inLanguage":"de","potentialAction":[{"@type":"ReadAction","target":["https:\/\/relevo.app\/de\/kontakt\/"]}]},{"@type":"ImageObject","inLanguage":"de","@id":"https:\/\/relevo.app\/de\/kontakt\/#primaryimage","url":"https:\/\/relevo.app\/wp-content\/uploads\/2023\/08\/IMG_20200911_193732_326-1-1024x1024.jpg","contentUrl":"https:\/\/relevo.app\/wp-content\/uploads\/2023\/08\/IMG_20200911_193732_326-1-1024x1024.jpg"},{"@type":"BreadcrumbList","@id":"https:\/\/relevo.app\/de\/kontakt\/#breadcrumb","itemListElement":[{"@type":"ListItem","position":1,"name":"Home","item":"https:\/\/relevo.app\/de\/"},{"@type":"ListItem","position":2,"name":"Kontakt"}]},{"@type":"WebSite","@id":"https:\/\/relevo.app\/de\/#website","url":"https:\/\/relevo.app\/de\/","name":"Relevo","description":"","potentialAction":[{"@type":"SearchAction","target":{"@type":"EntryPoint","urlTemplate":"https:\/\/relevo.app\/de\/?s={search_term_string}"},"query-input":{"@type":"PropertyValueSpecification","valueRequired":true,"valueName":"search_term_string"}}],"inLanguage":"de"}]}},"_links":{"self":[{"href":"https:\/\/relevo.app\/de\/wp-json\/wp\/v2\/pages\/28743","targetHints":{"allow":["GET"]}}],"collection":[{"href":"https:\/\/relevo.app\/de\/wp-json\/wp\/v2\/pages"}],"about":[{"href":"https:\/\/relevo.app\/de\/wp-json\/wp\/v2\/types\/page"}],"author":[{"embeddable":true,"href":"https:\/\/relevo.app\/de\/wp-json\/wp\/v2\/users\/1"}],"replies":[{"embeddable":true,"href":"https:\/\/relevo.app\/de\/wp-json\/wp\/v2\/comments?post=28743"}],"version-history":[{"count":474,"href":"https:\/\/relevo.app\/de\/wp-json\/wp\/v2\/pages\/28743\/revisions"}],"predecessor-version":[{"id":99581,"href":"https:\/\/relevo.app\/de\/wp-json\/wp\/v2\/pages\/28743\/revisions\/99581"}],"wp:attachment":[{"href":"https:\/\/relevo.app\/de\/wp-json\/wp\/v2\/media?parent=28743"}],"curies":[{"name":"wp","href":"https:\/\/api.w.org\/{rel}","templated":true}]}}