{"id":100192,"date":"2025-12-30T10:26:07","date_gmt":"2025-12-30T09:26:07","guid":{"rendered":"https:\/\/relevo.app\/angebotsanfrage\/"},"modified":"2026-02-12T09:24:16","modified_gmt":"2026-02-12T08:24:16","slug":"angebotsanfrage","status":"publish","type":"page","link":"https:\/\/relevo.app\/de\/angebotsanfrage\/","title":{"rendered":"Anfrage abschicken"},"content":{"rendered":"<h2>Meine Angebotsliste<\/h2>\n<p>Auswahl aller ben\u00f6tigten Produkte in der gew\u00fcnschten Variante und Menge. Einfach Angebot anfordern und Preisangebot erhalten.<\/p>\n<p>\n<div class=\"woocommerce ywraq-wrapper ywraq-empty\">\n\t\t\t<div id=\"yith-ywraq-message\"><div class=\"ywraq-question-message\">\n\t<\/div>\n<\/div>\n\t\t\n\t\t\t\t<div class=\"ywraq-form-table-wrapper wide\">\n\t\t\t<div class=\"ywraq-before-form\">\n\t<p class=\"ywraq_list_empty_message\">Deine Liste ist leer. Bitte f\u00fcge der Liste ein oder mehrere Produkte hinzu um ein Angebot einzuholen<p><p class=\"return-to-shop\"><a class=\"button wc-backward\" href=\"https:\/\/relevo.app\/de\/shop-hw\">Zur\u00fcck zum Shop<\/a><\/p><\/div>\n\t\t\t\t\t<\/div>\n\t<\/div>\n<br \/>\n\t\t\t\t\t<a href=\"https:\/\/relevo.app\/de\/mehrweggeschirr-shop\/\"><br \/>\n\t\t\t\t\t\t\t\t\tZur\u00fcck zum Produktsortiment<br \/>\n\t\t\t\t\t<\/a><\/p>\n","protected":false},"excerpt":{"rendered":"<p>Meine Angebotsliste Auswahl aller ben\u00f6tigten Produkte in der gew\u00fcnschten Variante und Menge. Einfach Angebot anfordern und Preisangebot erhalten. Zur\u00fcck zum Produktsortiment<\/p>\n","protected":false},"author":1,"featured_media":0,"parent":0,"menu_order":0,"comment_status":"closed","ping_status":"closed","template":"","meta":{"content-type":"","om_disable_all_campaigns":false,"footnotes":""},"class_list":["post-100192","page","type-page","status-publish","hentry"],"yoast_head":"<!-- This site is optimized with the Yoast SEO plugin v27.4 - https:\/\/yoast.com\/product\/yoast-seo-wordpress\/ -->\n<title>Anfrage abschicken - Relevo<\/title>\n<meta name=\"robots\" content=\"index, follow, max-snippet:-1, max-image-preview:large, max-video-preview:-1\" \/>\n<link rel=\"canonical\" href=\"https:\/\/relevo.app\/de\/angebotsanfrage\/\" \/>\n<meta property=\"og:locale\" content=\"de_DE\" \/>\n<meta property=\"og:type\" content=\"article\" \/>\n<meta property=\"og:title\" content=\"Anfrage abschicken - Relevo\" \/>\n<meta property=\"og:description\" content=\"Meine Angebotsliste Auswahl aller ben\u00f6tigten Produkte in der gew\u00fcnschten Variante und Menge. Einfach Angebot anfordern und Preisangebot erhalten. Zur\u00fcck zum Produktsortiment\" \/>\n<meta property=\"og:url\" content=\"https:\/\/relevo.app\/de\/angebotsanfrage\/\" \/>\n<meta property=\"og:site_name\" content=\"Relevo\" \/>\n<meta property=\"article:modified_time\" content=\"2026-02-12T08:24:16+00:00\" \/>\n<meta name=\"twitter:card\" content=\"summary_large_image\" \/>\n<meta name=\"twitter:label1\" content=\"Gesch\u00e4tzte Lesezeit\" \/>\n\t<meta name=\"twitter:data1\" content=\"1\u00a0Minute\" \/>\n<script type=\"application\/ld+json\" class=\"yoast-schema-graph\">{\"@context\":\"https:\\\/\\\/schema.org\",\"@graph\":[{\"@type\":\"WebPage\",\"@id\":\"https:\\\/\\\/relevo.app\\\/de\\\/angebotsanfrage\\\/\",\"url\":\"https:\\\/\\\/relevo.app\\\/de\\\/angebotsanfrage\\\/\",\"name\":\"Anfrage abschicken - Relevo\",\"isPartOf\":{\"@id\":\"https:\\\/\\\/relevo.app\\\/de\\\/#website\"},\"datePublished\":\"2025-12-30T09:26:07+00:00\",\"dateModified\":\"2026-02-12T08:24:16+00:00\",\"breadcrumb\":{\"@id\":\"https:\\\/\\\/relevo.app\\\/de\\\/angebotsanfrage\\\/#breadcrumb\"},\"inLanguage\":\"de\",\"potentialAction\":[{\"@type\":\"ReadAction\",\"target\":[\"https:\\\/\\\/relevo.app\\\/de\\\/angebotsanfrage\\\/\"]}]},{\"@type\":\"BreadcrumbList\",\"@id\":\"https:\\\/\\\/relevo.app\\\/de\\\/angebotsanfrage\\\/#breadcrumb\",\"itemListElement\":[{\"@type\":\"ListItem\",\"position\":1,\"name\":\"Home\",\"item\":\"https:\\\/\\\/relevo.app\\\/de\\\/\"},{\"@type\":\"ListItem\",\"position\":2,\"name\":\"Anfrage abschicken\"}]},{\"@type\":\"WebSite\",\"@id\":\"https:\\\/\\\/relevo.app\\\/de\\\/#website\",\"url\":\"https:\\\/\\\/relevo.app\\\/de\\\/\",\"name\":\"Relevo\",\"description\":\"\",\"potentialAction\":[{\"@type\":\"SearchAction\",\"target\":{\"@type\":\"EntryPoint\",\"urlTemplate\":\"https:\\\/\\\/relevo.app\\\/de\\\/?s={search_term_string}\"},\"query-input\":{\"@type\":\"PropertyValueSpecification\",\"valueRequired\":true,\"valueName\":\"search_term_string\"}}],\"inLanguage\":\"de\"}]}<\/script>\n<!-- \/ Yoast SEO plugin. -->","yoast_head_json":{"title":"Anfrage abschicken - Relevo","robots":{"index":"index","follow":"follow","max-snippet":"max-snippet:-1","max-image-preview":"max-image-preview:large","max-video-preview":"max-video-preview:-1"},"canonical":"https:\/\/relevo.app\/de\/angebotsanfrage\/","og_locale":"de_DE","og_type":"article","og_title":"Anfrage abschicken - Relevo","og_description":"Meine Angebotsliste Auswahl aller ben\u00f6tigten Produkte in der gew\u00fcnschten Variante und Menge. Einfach Angebot anfordern und Preisangebot erhalten. Zur\u00fcck zum Produktsortiment","og_url":"https:\/\/relevo.app\/de\/angebotsanfrage\/","og_site_name":"Relevo","article_modified_time":"2026-02-12T08:24:16+00:00","twitter_card":"summary_large_image","twitter_misc":{"Gesch\u00e4tzte Lesezeit":"1\u00a0Minute"},"schema":{"@context":"https:\/\/schema.org","@graph":[{"@type":"WebPage","@id":"https:\/\/relevo.app\/de\/angebotsanfrage\/","url":"https:\/\/relevo.app\/de\/angebotsanfrage\/","name":"Anfrage abschicken - Relevo","isPartOf":{"@id":"https:\/\/relevo.app\/de\/#website"},"datePublished":"2025-12-30T09:26:07+00:00","dateModified":"2026-02-12T08:24:16+00:00","breadcrumb":{"@id":"https:\/\/relevo.app\/de\/angebotsanfrage\/#breadcrumb"},"inLanguage":"de","potentialAction":[{"@type":"ReadAction","target":["https:\/\/relevo.app\/de\/angebotsanfrage\/"]}]},{"@type":"BreadcrumbList","@id":"https:\/\/relevo.app\/de\/angebotsanfrage\/#breadcrumb","itemListElement":[{"@type":"ListItem","position":1,"name":"Home","item":"https:\/\/relevo.app\/de\/"},{"@type":"ListItem","position":2,"name":"Anfrage abschicken"}]},{"@type":"WebSite","@id":"https:\/\/relevo.app\/de\/#website","url":"https:\/\/relevo.app\/de\/","name":"Relevo","description":"","potentialAction":[{"@type":"SearchAction","target":{"@type":"EntryPoint","urlTemplate":"https:\/\/relevo.app\/de\/?s={search_term_string}"},"query-input":{"@type":"PropertyValueSpecification","valueRequired":true,"valueName":"search_term_string"}}],"inLanguage":"de"}]}},"_links":{"self":[{"href":"https:\/\/relevo.app\/de\/wp-json\/wp\/v2\/pages\/100192","targetHints":{"allow":["GET"]}}],"collection":[{"href":"https:\/\/relevo.app\/de\/wp-json\/wp\/v2\/pages"}],"about":[{"href":"https:\/\/relevo.app\/de\/wp-json\/wp\/v2\/types\/page"}],"author":[{"embeddable":true,"href":"https:\/\/relevo.app\/de\/wp-json\/wp\/v2\/users\/1"}],"replies":[{"embeddable":true,"href":"https:\/\/relevo.app\/de\/wp-json\/wp\/v2\/comments?post=100192"}],"version-history":[{"count":7,"href":"https:\/\/relevo.app\/de\/wp-json\/wp\/v2\/pages\/100192\/revisions"}],"predecessor-version":[{"id":102710,"href":"https:\/\/relevo.app\/de\/wp-json\/wp\/v2\/pages\/100192\/revisions\/102710"}],"wp:attachment":[{"href":"https:\/\/relevo.app\/de\/wp-json\/wp\/v2\/media?parent=100192"}],"curies":[{"name":"wp","href":"https:\/\/api.w.org\/{rel}","templated":true}]}}