{"id":100149,"date":"2025-12-18T14:38:21","date_gmt":"2025-12-18T13:38:21","guid":{"rendered":"https:\/\/relevo.app\/?page_id=100149"},"modified":"2025-12-18T14:39:41","modified_gmt":"2025-12-18T13:39:41","slug":"app_news_christmas_2025","status":"publish","type":"page","link":"https:\/\/relevo.app\/de\/app_news_christmas_2025\/","title":{"rendered":"App_News_Christmas_2025"},"content":{"rendered":"\t\t<div data-elementor-type=\"wp-page\" data-elementor-id=\"100149\" class=\"elementor elementor-100149\" data-elementor-post-type=\"page\">\n\t\t\t\t\t\t<section class=\"elementor-section elementor-top-section elementor-element elementor-element-d3faaab elementor-section-boxed elementor-section-height-default elementor-section-height-default\" data-id=\"d3faaab\" data-element_type=\"section\" data-e-type=\"section\">\n\t\t\t\t\t\t<div class=\"elementor-container elementor-column-gap-default\">\n\t\t\t\t\t<div class=\"elementor-column elementor-col-100 elementor-top-column elementor-element elementor-element-f87883f\" data-id=\"f87883f\" data-element_type=\"column\" data-e-type=\"column\">\n\t\t\t<div class=\"elementor-widget-wrap elementor-element-populated\">\n\t\t\t\t\t\t<div class=\"elementor-element elementor-element-8d66f34 elementor-widget elementor-widget-image\" data-id=\"8d66f34\" data-element_type=\"widget\" data-e-type=\"widget\" data-widget_type=\"image.default\">\n\t\t\t\t<div class=\"elementor-widget-container\">\n\t\t\t\t\t\t\t\t\t\t\t\t\t\t\t<img fetchpriority=\"high\" decoding=\"async\" width=\"768\" height=\"545\" src=\"https:\/\/relevo.app\/wp-content\/uploads\/2025\/12\/Relevo-Weihnachtskarte25-768x545.jpg\" class=\"attachment-medium_large size-medium_large wp-image-100151\" alt=\"Relevo Weihnachtskarte 2025\" srcset=\"https:\/\/relevo.app\/wp-content\/uploads\/2025\/12\/Relevo-Weihnachtskarte25-768x545.jpg 768w, https:\/\/relevo.app\/wp-content\/uploads\/2025\/12\/Relevo-Weihnachtskarte25-300x213.jpg 300w, https:\/\/relevo.app\/wp-content\/uploads\/2025\/12\/Relevo-Weihnachtskarte25.jpg 840w\" sizes=\"(max-width: 768px) 100vw, 768px\" \/>\t\t\t\t\t\t\t\t\t\t\t\t\t\t\t<\/div>\n\t\t\t\t<\/div>\n\t\t\t\t<div class=\"elementor-element elementor-element-0265353 elementor-widget elementor-widget-text-editor\" data-id=\"0265353\" data-element_type=\"widget\" data-e-type=\"widget\" data-widget_type=\"text-editor.default\">\n\t\t\t\t<div class=\"elementor-widget-container\">\n\t\t\t\t\t\t\t\t\t<h2>Frohe Weihnachten &amp; ein gro\u00dfes Dankesch\u00f6n von Relevo! <img decoding=\"async\" class=\"emoji\" role=\"img\" draggable=\"false\" src=\"https:\/\/s.w.org\/images\/core\/emoji\/17.0.2\/svg\/1f384.svg\" alt=\"\ud83c\udf84\" \/><\/h2><p>2025 war ein unglaubliches Jahr f\u00fcr Relevo. Gemeinsam mit unseren Partnern, G\u00e4sten und Kund:innen konnten wir viele neue Partnerschaften aufbauen, zahlreiche neue gesch\u00e4tzte Kund:innen gewinnen und eine Vielzahl an Funktionen ver\u00f6ffentlichen, die Mehrweg einfacher und komfortabler denn je machen. Ein besonderes Highlight war der Launch unserer ersten vollst\u00e4ndig barrierefreien Relevo App f\u00fcr Android und iOS \u2013 mit verbesserter UI, UX, Kommunikation, Bezahlung und Sicherheit, damit Mehrweg f\u00fcr alle reibungslos funktioniert <img decoding=\"async\" class=\"emoji\" role=\"img\" draggable=\"false\" src=\"https:\/\/s.w.org\/images\/core\/emoji\/17.0.2\/svg\/2728.svg\" alt=\"\u2728\" \/><\/p><p>Dank eures t\u00e4glichen Engagements konnten wir \u00fcber <strong>1 Million Einweg-Plastikbeh\u00e4lter<\/strong> davor bewahren, auf Deponien, in der Umwelt oder in unseren Ozeanen zu landen. 2025 war au\u00dferdem unser erstes vollst\u00e4ndiges Jahr als Teil der <strong>Duni Group<\/strong> \u2013 wodurch wir noch mehr G\u00e4ste und Kund:innen erreichen und jeden Tag gemeinsam messbaren Impact erzielen konnten <img decoding=\"async\" class=\"emoji\" role=\"img\" draggable=\"false\" src=\"https:\/\/s.w.org\/images\/core\/emoji\/17.0.2\/svg\/1f4aa.svg\" alt=\"\ud83d\udcaa\" \/><img decoding=\"async\" class=\"emoji\" role=\"img\" draggable=\"false\" src=\"https:\/\/s.w.org\/images\/core\/emoji\/17.0.2\/svg\/1f30d.svg\" alt=\"\ud83c\udf0d\" \/><\/p><p>Da \u00fcber Weihnachten und Neujahr einige Standorte geschlossen sein k\u00f6nnen, verl\u00e4ngern wir als kleines Weihnachtsgeschenk <strong>alle Ausleihzeitr\u00e4ume bis zum 16.01.2026<\/strong>. So m\u00fcsst ihr euch keine Sorgen machen, falls eine R\u00fcckgabe innerhalb der \u00fcblichen 14 Tage nicht m\u00f6glich ist <img decoding=\"async\" class=\"emoji\" role=\"img\" draggable=\"false\" src=\"https:\/\/s.w.org\/images\/core\/emoji\/17.0.2\/svg\/1f381.svg\" alt=\"\ud83c\udf81\" \/><\/p><p>Danke, dass ihr Teil unserer Reise seid und Mehrweg gemeinsam mit uns voranbringt. Wir w\u00fcnschen euch frohe Weihnachten, einen entspannten Jahresausklang und einen gro\u00dfartigen Start ins neue Mehrweg-Jahr 2026! <img decoding=\"async\" class=\"emoji\" role=\"img\" draggable=\"false\" src=\"https:\/\/s.w.org\/images\/core\/emoji\/17.0.2\/svg\/2728.svg\" alt=\"\u2728\" \/><img decoding=\"async\" class=\"emoji\" role=\"img\" draggable=\"false\" src=\"https:\/\/s.w.org\/images\/core\/emoji\/17.0.2\/svg\/1f384.svg\" alt=\"\ud83c\udf84\" \/><\/p>\t\t\t\t\t\t\t\t<\/div>\n\t\t\t\t<\/div>\n\t\t\t\t\t<\/div>\n\t\t<\/div>\n\t\t\t\t\t<\/div>\n\t\t<\/section>\n\t\t\t\t<section class=\"elementor-section elementor-top-section elementor-element elementor-element-7b90f9a elementor-section-boxed elementor-section-height-default elementor-section-height-default\" data-id=\"7b90f9a\" data-element_type=\"section\" data-e-type=\"section\">\n\t\t\t\t\t\t<div class=\"elementor-container elementor-column-gap-default\">\n\t\t\t\t\t<div class=\"elementor-column elementor-col-100 elementor-top-column elementor-element elementor-element-e4d4f0f\" data-id=\"e4d4f0f\" data-element_type=\"column\" data-e-type=\"column\">\n\t\t\t<div class=\"elementor-widget-wrap\">\n\t\t\t\t\t\t\t<\/div>\n\t\t<\/div>\n\t\t\t\t\t<\/div>\n\t\t<\/section>\n\t\t\t\t<\/div>\n\t\t","protected":false},"excerpt":{"rendered":"<p>Frohe Weihnachten &amp; ein gro\u00dfes Dankesch\u00f6n von Relevo! 2025 war ein unglaubliches Jahr f\u00fcr Relevo. Gemeinsam mit unseren Partnern, G\u00e4sten und Kund:innen konnten wir viele neue Partnerschaften aufbauen, zahlreiche neue gesch\u00e4tzte Kund:innen gewinnen und eine Vielzahl an Funktionen ver\u00f6ffentlichen, die Mehrweg einfacher und komfortabler denn je machen. Ein besonderes Highlight war der Launch unserer ersten [&hellip;]<\/p>\n","protected":false},"author":53,"featured_media":0,"parent":0,"menu_order":0,"comment_status":"closed","ping_status":"closed","template":"elementor_canvas","meta":{"content-type":"","om_disable_all_campaigns":false,"footnotes":""},"class_list":["post-100149","page","type-page","status-publish","hentry"],"yoast_head":"<!-- This site is optimized with the Yoast SEO plugin v27.4 - https:\/\/yoast.com\/product\/yoast-seo-wordpress\/ -->\n<title>App_News_Christmas_2025 - Relevo<\/title>\n<meta name=\"robots\" content=\"noindex, follow\" \/>\n<meta property=\"og:locale\" content=\"de_DE\" \/>\n<meta property=\"og:type\" content=\"article\" \/>\n<meta property=\"og:title\" content=\"App_News_Christmas_2025 - Relevo\" \/>\n<meta property=\"og:description\" content=\"Frohe Weihnachten &amp; ein gro\u00dfes Dankesch\u00f6n von Relevo! 2025 war ein unglaubliches Jahr f\u00fcr Relevo. Gemeinsam mit unseren Partnern, G\u00e4sten und Kund:innen konnten wir viele neue Partnerschaften aufbauen, zahlreiche neue gesch\u00e4tzte Kund:innen gewinnen und eine Vielzahl an Funktionen ver\u00f6ffentlichen, die Mehrweg einfacher und komfortabler denn je machen. Ein besonderes Highlight war der Launch unserer ersten [&hellip;]\" \/>\n<meta property=\"og:url\" content=\"https:\/\/relevo.app\/de\/app_news_christmas_2025\/\" \/>\n<meta property=\"og:site_name\" content=\"Relevo\" \/>\n<meta property=\"article:modified_time\" content=\"2025-12-18T13:39:41+00:00\" \/>\n<meta property=\"og:image\" content=\"https:\/\/relevo.app\/wp-content\/uploads\/2025\/12\/Relevo-Weihnachtskarte25.jpg\" \/>\n\t<meta property=\"og:image:width\" content=\"840\" \/>\n\t<meta property=\"og:image:height\" content=\"596\" \/>\n\t<meta property=\"og:image:type\" content=\"image\/jpeg\" \/>\n<meta name=\"twitter:card\" content=\"summary_large_image\" \/>\n<meta name=\"twitter:label1\" content=\"Gesch\u00e4tzte Lesezeit\" \/>\n\t<meta name=\"twitter:data1\" content=\"3\u00a0Minuten\" \/>\n<script type=\"application\/ld+json\" class=\"yoast-schema-graph\">{\"@context\":\"https:\\\/\\\/schema.org\",\"@graph\":[{\"@type\":\"WebPage\",\"@id\":\"https:\\\/\\\/relevo.app\\\/de\\\/app_news_christmas_2025\\\/\",\"url\":\"https:\\\/\\\/relevo.app\\\/de\\\/app_news_christmas_2025\\\/\",\"name\":\"App_News_Christmas_2025 - Relevo\",\"isPartOf\":{\"@id\":\"https:\\\/\\\/relevo.app\\\/de\\\/#website\"},\"primaryImageOfPage\":{\"@id\":\"https:\\\/\\\/relevo.app\\\/de\\\/app_news_christmas_2025\\\/#primaryimage\"},\"image\":{\"@id\":\"https:\\\/\\\/relevo.app\\\/de\\\/app_news_christmas_2025\\\/#primaryimage\"},\"thumbnailUrl\":\"https:\\\/\\\/relevo.app\\\/wp-content\\\/uploads\\\/2025\\\/12\\\/Relevo-Weihnachtskarte25-768x545.jpg\",\"datePublished\":\"2025-12-18T13:38:21+00:00\",\"dateModified\":\"2025-12-18T13:39:41+00:00\",\"breadcrumb\":{\"@id\":\"https:\\\/\\\/relevo.app\\\/de\\\/app_news_christmas_2025\\\/#breadcrumb\"},\"inLanguage\":\"de\",\"potentialAction\":[{\"@type\":\"ReadAction\",\"target\":[\"https:\\\/\\\/relevo.app\\\/de\\\/app_news_christmas_2025\\\/\"]}]},{\"@type\":\"ImageObject\",\"inLanguage\":\"de\",\"@id\":\"https:\\\/\\\/relevo.app\\\/de\\\/app_news_christmas_2025\\\/#primaryimage\",\"url\":\"https:\\\/\\\/relevo.app\\\/wp-content\\\/uploads\\\/2025\\\/12\\\/Relevo-Weihnachtskarte25-768x545.jpg\",\"contentUrl\":\"https:\\\/\\\/relevo.app\\\/wp-content\\\/uploads\\\/2025\\\/12\\\/Relevo-Weihnachtskarte25-768x545.jpg\"},{\"@type\":\"BreadcrumbList\",\"@id\":\"https:\\\/\\\/relevo.app\\\/de\\\/app_news_christmas_2025\\\/#breadcrumb\",\"itemListElement\":[{\"@type\":\"ListItem\",\"position\":1,\"name\":\"Home\",\"item\":\"https:\\\/\\\/relevo.app\\\/de\\\/\"},{\"@type\":\"ListItem\",\"position\":2,\"name\":\"App_News_Christmas_2025\"}]},{\"@type\":\"WebSite\",\"@id\":\"https:\\\/\\\/relevo.app\\\/de\\\/#website\",\"url\":\"https:\\\/\\\/relevo.app\\\/de\\\/\",\"name\":\"Relevo\",\"description\":\"\",\"potentialAction\":[{\"@type\":\"SearchAction\",\"target\":{\"@type\":\"EntryPoint\",\"urlTemplate\":\"https:\\\/\\\/relevo.app\\\/de\\\/?s={search_term_string}\"},\"query-input\":{\"@type\":\"PropertyValueSpecification\",\"valueRequired\":true,\"valueName\":\"search_term_string\"}}],\"inLanguage\":\"de\"}]}<\/script>\n<!-- \/ Yoast SEO plugin. -->","yoast_head_json":{"title":"App_News_Christmas_2025 - Relevo","robots":{"index":"noindex","follow":"follow"},"og_locale":"de_DE","og_type":"article","og_title":"App_News_Christmas_2025 - Relevo","og_description":"Frohe Weihnachten &amp; ein gro\u00dfes Dankesch\u00f6n von Relevo! 2025 war ein unglaubliches Jahr f\u00fcr Relevo. Gemeinsam mit unseren Partnern, G\u00e4sten und Kund:innen konnten wir viele neue Partnerschaften aufbauen, zahlreiche neue gesch\u00e4tzte Kund:innen gewinnen und eine Vielzahl an Funktionen ver\u00f6ffentlichen, die Mehrweg einfacher und komfortabler denn je machen. Ein besonderes Highlight war der Launch unserer ersten [&hellip;]","og_url":"https:\/\/relevo.app\/de\/app_news_christmas_2025\/","og_site_name":"Relevo","article_modified_time":"2025-12-18T13:39:41+00:00","og_image":[{"width":840,"height":596,"url":"https:\/\/relevo.app\/wp-content\/uploads\/2025\/12\/Relevo-Weihnachtskarte25.jpg","type":"image\/jpeg"}],"twitter_card":"summary_large_image","twitter_misc":{"Gesch\u00e4tzte Lesezeit":"3\u00a0Minuten"},"schema":{"@context":"https:\/\/schema.org","@graph":[{"@type":"WebPage","@id":"https:\/\/relevo.app\/de\/app_news_christmas_2025\/","url":"https:\/\/relevo.app\/de\/app_news_christmas_2025\/","name":"App_News_Christmas_2025 - Relevo","isPartOf":{"@id":"https:\/\/relevo.app\/de\/#website"},"primaryImageOfPage":{"@id":"https:\/\/relevo.app\/de\/app_news_christmas_2025\/#primaryimage"},"image":{"@id":"https:\/\/relevo.app\/de\/app_news_christmas_2025\/#primaryimage"},"thumbnailUrl":"https:\/\/relevo.app\/wp-content\/uploads\/2025\/12\/Relevo-Weihnachtskarte25-768x545.jpg","datePublished":"2025-12-18T13:38:21+00:00","dateModified":"2025-12-18T13:39:41+00:00","breadcrumb":{"@id":"https:\/\/relevo.app\/de\/app_news_christmas_2025\/#breadcrumb"},"inLanguage":"de","potentialAction":[{"@type":"ReadAction","target":["https:\/\/relevo.app\/de\/app_news_christmas_2025\/"]}]},{"@type":"ImageObject","inLanguage":"de","@id":"https:\/\/relevo.app\/de\/app_news_christmas_2025\/#primaryimage","url":"https:\/\/relevo.app\/wp-content\/uploads\/2025\/12\/Relevo-Weihnachtskarte25-768x545.jpg","contentUrl":"https:\/\/relevo.app\/wp-content\/uploads\/2025\/12\/Relevo-Weihnachtskarte25-768x545.jpg"},{"@type":"BreadcrumbList","@id":"https:\/\/relevo.app\/de\/app_news_christmas_2025\/#breadcrumb","itemListElement":[{"@type":"ListItem","position":1,"name":"Home","item":"https:\/\/relevo.app\/de\/"},{"@type":"ListItem","position":2,"name":"App_News_Christmas_2025"}]},{"@type":"WebSite","@id":"https:\/\/relevo.app\/de\/#website","url":"https:\/\/relevo.app\/de\/","name":"Relevo","description":"","potentialAction":[{"@type":"SearchAction","target":{"@type":"EntryPoint","urlTemplate":"https:\/\/relevo.app\/de\/?s={search_term_string}"},"query-input":{"@type":"PropertyValueSpecification","valueRequired":true,"valueName":"search_term_string"}}],"inLanguage":"de"}]}},"_links":{"self":[{"href":"https:\/\/relevo.app\/de\/wp-json\/wp\/v2\/pages\/100149","targetHints":{"allow":["GET"]}}],"collection":[{"href":"https:\/\/relevo.app\/de\/wp-json\/wp\/v2\/pages"}],"about":[{"href":"https:\/\/relevo.app\/de\/wp-json\/wp\/v2\/types\/page"}],"author":[{"embeddable":true,"href":"https:\/\/relevo.app\/de\/wp-json\/wp\/v2\/users\/53"}],"replies":[{"embeddable":true,"href":"https:\/\/relevo.app\/de\/wp-json\/wp\/v2\/comments?post=100149"}],"version-history":[{"count":7,"href":"https:\/\/relevo.app\/de\/wp-json\/wp\/v2\/pages\/100149\/revisions"}],"predecessor-version":[{"id":100163,"href":"https:\/\/relevo.app\/de\/wp-json\/wp\/v2\/pages\/100149\/revisions\/100163"}],"wp:attachment":[{"href":"https:\/\/relevo.app\/de\/wp-json\/wp\/v2\/media?parent=100149"}],"curies":[{"name":"wp","href":"https:\/\/api.w.org\/{rel}","templated":true}]}}